{"id":30108,"date":"2024-08-09T11:10:22","date_gmt":"2024-08-09T09:10:22","guid":{"rendered":"https:\/\/naila-therapies.ch\/constellation-familiale\/"},"modified":"2026-02-21T11:14:53","modified_gmt":"2026-02-21T10:14:53","slug":"constellation-familiale","status":"publish","type":"page","link":"https:\/\/naila-therapies.ch\/it\/constellation-familiale\/","title":{"rendered":"Costellazioni Familiari"},"content":{"rendered":"<p>[et_pb_section fb_built=&#8221;1&#8243; admin_label=&#8221;Header&#8221; _builder_version=&#8221;4.27.0&#8243; _module_preset=&#8221;default&#8221; use_background_color_gradient=&#8221;on&#8221; background_color_gradient_stops=&#8221;rgba(0,0,0,0.4) 0%|rgba(0,0,0,0.4) 100%&#8221; background_color_gradient_overlays_image=&#8221;on&#8221; background_image=&#8221;https:\/\/naila-therapies.ch\/wp-content\/uploads\/2024\/08\/Design-sans-titre-2024-08-15T131827.664.png&#8221; custom_padding=&#8221;64px||64px||true|false&#8221; locked=&#8221;off&#8221; collapsed=&#8221;on&#8221; global_colors_info=&#8221;{}&#8221;][et_pb_row _builder_version=&#8221;4.22.0&#8243; _module_preset=&#8221;default&#8221; global_colors_info=&#8221;{}&#8221;][et_pb_column type=&#8221;4_4&#8243; _builder_version=&#8221;4.22.0&#8243; _module_preset=&#8221;default&#8221; global_colors_info=&#8221;{}&#8221;][et_pb_text _builder_version=&#8221;4.27.0&#8243; _module_preset=&#8221;_initial&#8221; header_font=&#8221;Noto Serif||||||||&#8221; header_text_color=&#8221;#FFFFFF&#8221; header_font_size=&#8221;62px&#8221; header_line_height=&#8221;1.2em&#8221; custom_margin=&#8221;||27px|||&#8221; animation_style=&#8221;fade&#8221; header_font_size_tablet=&#8221;40px&#8221; header_font_size_phone=&#8221;34px&#8221; header_font_size_last_edited=&#8221;on|desktop&#8221; global_colors_info=&#8221;{}&#8221;]<\/p>\n<h1 style=\"text-align: center;\">Costellazioni Familiari<\/h1>\n<p>[\/et_pb_text][\/et_pb_column][\/et_pb_row][\/et_pb_section][et_pb_section fb_built=&#8221;1&#8243; disabled_on=&#8221;off|off|off&#8221; admin_label=&#8221;Products&#8221; _builder_version=&#8221;4.27.0&#8243; _module_preset=&#8221;default&#8221; background_color=&#8221;#f9f9f9&#8243; locked=&#8221;off&#8221; collapsed=&#8221;off&#8221; global_colors_info=&#8221;{}&#8221;][et_pb_row column_structure=&#8221;2_3,1_3&#8243; _builder_version=&#8221;4.27.0&#8243; _module_preset=&#8221;default&#8221; max_width=&#8221;1440px&#8221; global_colors_info=&#8221;{}&#8221;][et_pb_column type=&#8221;2_3&#8243; _builder_version=&#8221;4.27.0&#8243; _module_preset=&#8221;default&#8221; global_colors_info=&#8221;{}&#8221; background__hover_enabled=&#8221;on|hover&#8221;][et_pb_image src=&#8221;https:\/\/naila-therapies.ch\/wp-content\/uploads\/2024\/08\/Design-sans-titre-74-1.png&#8221; title_text=&#8221;Design sans titre (74)&#8221; align=&#8221;center&#8221; force_fullwidth=&#8221;on&#8221; _builder_version=&#8221;4.27.0&#8243; _module_preset=&#8221;default&#8221; animation_style=&#8221;fade&#8221; border_radii=&#8221;on|25px|25px|25px|25px&#8221; global_colors_info=&#8221;{}&#8221;][\/et_pb_image][et_pb_text _builder_version=&#8221;4.27.0&#8243; _module_preset=&#8221;_initial&#8221; text_font=&#8221;Montserrat|300|||||||&#8221; text_text_color=&#8221;#000000&#8243; text_font_size=&#8221;16px&#8221; header_2_font=&#8221;Noto Serif||||||||&#8221; header_2_text_color=&#8221;#000000&#8243; header_2_font_size=&#8221;30px&#8221; header_2_line_height=&#8221;1.4em&#8221; background_color=&#8221;RGBA(255,255,255,0)&#8221; custom_margin=&#8221;||||true|false&#8221; custom_padding=&#8221;20px|20px|20px|20px|true|true&#8221; animation_style=&#8221;fade&#8221; header_2_font_size_tablet=&#8221;32px&#8221; header_2_font_size_phone=&#8221;20px&#8221; header_2_font_size_last_edited=&#8221;on|desktop&#8221; border_radii=&#8221;on|25px|25px|25px|25px&#8221; border_width_all=&#8221;2px&#8221; border_color_all=&#8221;#61B594&#8243; border_style_all=&#8221;dashed&#8221; locked=&#8221;off&#8221; global_colors_info=&#8221;{}&#8221;]<\/p>\n<h2 style=\"text-align: left;\">Cos&#8217;\u00e8 la <span style=\"color: #61b594;\">Costellazione Familiare?<\/span><\/h2>\n<p>La Costellazione Familiare \u00e8 uno strumento terapeutico che mira a rivisitare la storia familiare al fine di capire meglio l&#8217;origine di determinati problemi o blocchi e di liberarsene.<\/p>\n<p>Il metodo \u00e8 stato sviluppato da Bert Hellinger negli anni &#8217;90. Quest&#8217;ultimo si basava sul presupposto che le difficolt\u00e0 psicologiche, gli schemi ripetitivi e i conflitti interiori che a volte possiamo sperimentare non appartengono solo a noi, ma possono anche avere la loro origine nella nostra storia familiare.<\/p>\n<p>Pertanto, i problemi incontrati dai nostri antenati e non risolti avrebbero un impatto sulla nostra vita attuale.<\/p>\n<p>[\/et_pb_text][et_pb_text _builder_version=&#8221;4.27.0&#8243; _module_preset=&#8221;_initial&#8221; text_font=&#8221;Montserrat|300|||||||&#8221; text_text_color=&#8221;#000000&#8243; text_font_size=&#8221;16px&#8221; header_2_font=&#8221;Noto Serif||||||||&#8221; header_2_text_color=&#8221;#000000&#8243; header_2_font_size=&#8221;30px&#8221; header_2_line_height=&#8221;1.4em&#8221; background_color=&#8221;RGBA(255,255,255,0)&#8221; custom_margin=&#8221;||||true|false&#8221; custom_padding=&#8221;20px|20px|20px|20px|true|true&#8221; animation_style=&#8221;fade&#8221; header_2_font_size_tablet=&#8221;32px&#8221; header_2_font_size_phone=&#8221;20px&#8221; header_2_font_size_last_edited=&#8221;on|desktop&#8221; border_radii=&#8221;on|25px|25px|25px|25px&#8221; border_width_all=&#8221;2px&#8221; border_color_all=&#8221;#61B594&#8243; border_style_all=&#8221;dashed&#8221; locked=&#8221;off&#8221; global_colors_info=&#8221;{}&#8221;]<\/p>\n<h2 style=\"text-align: left;\">A chi \u00e8 destinata una <span style=\"color: #61b594;\">Costellazione Familiare ?<\/span><\/h2>\n<p>La Costellazione Familiare si rivolge a chiunque desideri interrogare la propria storia familiare (consulente) al fine di capire se le difficolt\u00e0 vissute le appartengono davvero o se sono la conseguenza di eventi passati.<\/p>\n<p>[\/et_pb_text][et_pb_text _builder_version=&#8221;4.27.0&#8243; _module_preset=&#8221;_initial&#8221; text_font=&#8221;Montserrat|300|||||||&#8221; text_text_color=&#8221;#000000&#8243; text_font_size=&#8221;16px&#8221; header_2_font=&#8221;Noto Serif||||||||&#8221; header_2_text_color=&#8221;#000000&#8243; header_2_font_size=&#8221;30px&#8221; header_2_line_height=&#8221;1.4em&#8221; background_color=&#8221;RGBA(255,255,255,0)&#8221; custom_margin=&#8221;||||true|false&#8221; custom_padding=&#8221;20px|20px|20px|20px|true|true&#8221; animation_style=&#8221;fade&#8221; header_2_font_size_tablet=&#8221;32px&#8221; header_2_font_size_phone=&#8221;20px&#8221; header_2_font_size_last_edited=&#8221;on|desktop&#8221; border_radii=&#8221;on|25px|25px|25px|25px&#8221; border_width_all=&#8221;2px&#8221; border_color_all=&#8221;#61B594&#8243; border_style_all=&#8221;dashed&#8221; locked=&#8221;off&#8221; global_colors_info=&#8221;{}&#8221;]<\/p>\n<h2 style=\"text-align: left;\">Ci sono <span style=\"color: #61b594;\">controindicazioni ?<\/span><\/h2>\n<div dir=\"ltr\">\n<div class=\"\">\n<p class=\"\">Sebbene la Costellazione Familiare non presenti alcun pericolo particolare, l&#8217;esperienza a volte pu\u00f2 essere emotivamente forte quando si \u00e8 confrontati con certe realt\u00e0 o verit\u00e0 del passato.<\/p>\n<p class=\"\">Per questo motivo, \u00e8 controindicato in caso di significativa instabilit\u00e0 emotiva o psicologica.<\/p>\n<p class=\"\">Deve essere evitato anche in caso di patologia psichiatrica.<\/p>\n<\/div>\n<\/div>\n<p>[\/et_pb_text][et_pb_image src=&#8221;https:\/\/naila-therapies.ch\/wp-content\/uploads\/2024\/08\/Design-sans-titre-72-1.png&#8221; title_text=&#8221;Design sans titre (72)&#8221; force_fullwidth=&#8221;on&#8221; _builder_version=&#8221;4.27.0&#8243; _module_preset=&#8221;default&#8221; animation_style=&#8221;fade&#8221; border_radii=&#8221;on|25px|25px|25px|25px&#8221; global_colors_info=&#8221;{}&#8221;][\/et_pb_image][et_pb_text _builder_version=&#8221;4.27.0&#8243; _module_preset=&#8221;_initial&#8221; text_font=&#8221;Montserrat|300|||||||&#8221; text_text_color=&#8221;#000000&#8243; text_font_size=&#8221;16px&#8221; header_2_font=&#8221;Noto Serif||||||||&#8221; header_2_text_color=&#8221;#000000&#8243; header_2_font_size=&#8221;30px&#8221; header_2_line_height=&#8221;1.4em&#8221; background_color=&#8221;RGBA(255,255,255,0)&#8221; custom_margin=&#8221;||||true|false&#8221; custom_padding=&#8221;20px|20px|20px|20px|true|true&#8221; animation_style=&#8221;fade&#8221; header_2_font_size_tablet=&#8221;32px&#8221; header_2_font_size_phone=&#8221;20px&#8221; header_2_font_size_last_edited=&#8221;on|desktop&#8221; border_radii=&#8221;on|25px|25px|25px|25px&#8221; border_width_all=&#8221;2px&#8221; border_color_all=&#8221;#61B594&#8243; border_style_all=&#8221;dashed&#8221; locked=&#8221;off&#8221; global_colors_info=&#8221;{}&#8221;]<\/p>\n<h2 style=\"text-align: left;\">Quali sono le sue <span style=\"color: #61b594;\">applicazioni ?<\/span><\/h2>\n<p>La Costellazione Familiare pu\u00f2 essere utilizzata per sbloccare molte situazioni o problemi, sia emotivi, fisici o psichici.<\/p>\n<p>Infatti, reintegrandosi e riconciliandosi con la storia familiare, \u00e8 possibile liberarsi nel presente da emozioni o sintomi fisici che non ci appartengono, da schemi ripetitivi e blocchi dovuti a una rottura del filo del passato.<\/p>\n<p>[\/et_pb_text][et_pb_text _builder_version=&#8221;4.27.0&#8243; _module_preset=&#8221;_initial&#8221; text_font=&#8221;Montserrat|300|||||||&#8221; text_text_color=&#8221;#000000&#8243; text_font_size=&#8221;16px&#8221; header_2_font=&#8221;Noto Serif||||||||&#8221; header_2_text_color=&#8221;#000000&#8243; header_2_font_size=&#8221;30px&#8221; header_2_line_height=&#8221;1.4em&#8221; background_color=&#8221;RGBA(255,255,255,0)&#8221; custom_margin=&#8221;||||true|false&#8221; custom_padding=&#8221;20px|20px|20px|20px|true|true&#8221; animation_style=&#8221;fade&#8221; header_2_font_size_tablet=&#8221;32px&#8221; header_2_font_size_phone=&#8221;20px&#8221; header_2_font_size_last_edited=&#8221;on|desktop&#8221; border_radii=&#8221;on|25px|25px|25px|25px&#8221; border_width_all=&#8221;2px&#8221; border_color_all=&#8221;#61B594&#8243; border_style_all=&#8221;dashed&#8221; locked=&#8221;off&#8221; global_colors_info=&#8221;{}&#8221;]<\/p>\n<h2 style=\"text-align: left;\">Quante sedute sono necessarie per <span style=\"color: #61b594;\">risolvere un problema ?<\/span><\/h2>\n<p>La Costellazione Familiare deve essere considerata come uno strumento per un uso occasionale, complementare ad altre terapie introspettive. Non \u00e8 di per s\u00e9 una risposta o una soluzione a tutti i problemi che possiamo incontrare nella nostra vita.<\/p>\n<p>Pertanto, non \u00e8 consigliabile utilizzare solo questo metodo o ripetere le sessioni di Costellazione Familiare troppo regolarmente o frequentemente.<\/p>\n<p>[\/et_pb_text][et_pb_image src=&#8221;https:\/\/naila-therapies.ch\/wp-content\/uploads\/2024\/08\/Design-sans-titre-73-1.png&#8221; title_text=&#8221;Design sans titre (73)&#8221; force_fullwidth=&#8221;on&#8221; _builder_version=&#8221;4.27.0&#8243; _module_preset=&#8221;default&#8221; animation_style=&#8221;fade&#8221; border_radii=&#8221;on|25px|25px|25px|25px&#8221; locked=&#8221;off&#8221; global_colors_info=&#8221;{}&#8221;][\/et_pb_image][et_pb_text _builder_version=&#8221;4.27.0&#8243; _module_preset=&#8221;_initial&#8221; text_font=&#8221;Montserrat|300|||||||&#8221; text_text_color=&#8221;#000000&#8243; text_font_size=&#8221;16px&#8221; header_2_font=&#8221;Noto Serif||||||||&#8221; header_2_text_color=&#8221;#000000&#8243; header_2_font_size=&#8221;30px&#8221; header_2_line_height=&#8221;1.4em&#8221; background_color=&#8221;RGBA(255,255,255,0)&#8221; custom_margin=&#8221;||||true|false&#8221; custom_padding=&#8221;20px|20px|20px|20px|true|true&#8221; animation_style=&#8221;fade&#8221; header_2_font_size_tablet=&#8221;32px&#8221; header_2_font_size_phone=&#8221;20px&#8221; header_2_font_size_last_edited=&#8221;on|desktop&#8221; border_radii=&#8221;on|25px|25px|25px|25px&#8221; border_width_all=&#8221;2px&#8221; border_color_all=&#8221;#61B594&#8243; border_style_all=&#8221;dashed&#8221; locked=&#8221;off&#8221; global_colors_info=&#8221;{}&#8221;]<\/p>\n<h2 style=\"text-align: left;\">Come funziona una <span style=\"color: #61b594;\">seduta di Costellazione Familiare ?<\/span><\/h2>\n<p>Prima di tutto, \u00e8 necessario distinguere tra la prima sessione di preparazione e la sessione di Costellazione Familiare stessa.<\/p>\n<p>Durante il primo incontro, prendiamo il tempo di esplorare con il consulente ci\u00f2 che lo porta qui, per discutere di ci\u00f2 che sta attraversando ed interrogarlo sul suo percorso di vita personale e quello del lignaggio familiare. Infatti, sarebbe utile che il consulente si sia precedentemente informato sul suo albero genealogico e sugli eventi importanti che si sono verificati nel lignaggio.<\/p>\n<p>Alla seduta successiva, il consulente rivisita e rievoca, sotto la supervisione del terapeuta, un aspetto specifico della storia familiare che pu\u00f2 essere la fonte del problema attuale. Una volta fatto ci\u00f2, il terapeuta guider\u00e0 il consulente nella riarmonizzazione della situazione rivisitata in modo che i nodi del passato siano sciolti nel presente.<\/p>\n<p>[\/et_pb_text][et_pb_text _builder_version=&#8221;4.27.0&#8243; _module_preset=&#8221;_initial&#8221; text_font=&#8221;Montserrat|300|||||||&#8221; text_text_color=&#8221;#000000&#8243; text_font_size=&#8221;16px&#8221; header_2_font=&#8221;Noto Serif||||||||&#8221; header_2_text_color=&#8221;#000000&#8243; header_2_font_size=&#8221;30px&#8221; header_2_line_height=&#8221;1.4em&#8221; background_color=&#8221;RGBA(255,255,255,0)&#8221; custom_margin=&#8221;||||true|false&#8221; custom_padding=&#8221;20px|20px|20px|20px|true|true&#8221; animation_style=&#8221;fade&#8221; header_2_font_size_tablet=&#8221;32px&#8221; header_2_font_size_phone=&#8221;20px&#8221; header_2_font_size_last_edited=&#8221;on|desktop&#8221; border_radii=&#8221;on|25px|25px|25px|25px&#8221; border_width_all=&#8221;2px&#8221; border_color_all=&#8221;#61B594&#8243; border_style_all=&#8221;dashed&#8221; locked=&#8221;off&#8221; global_colors_info=&#8221;{}&#8221;]<\/p>\n<h2 style=\"text-align: left;\">Quanto tempo <span style=\"color: #61b594;\">durano le sedute ?<\/span><\/h2>\n<p>La prima sessione di preparazione dura circa 1h30. La sessione di Costellazione Familiare dura tra 1h30 e 2h.<\/p>\n<p>[\/et_pb_text][\/et_pb_column][et_pb_column type=&#8221;1_3&#8243; _builder_version=&#8221;4.27.0&#8243; _module_preset=&#8221;default&#8221; global_colors_info=&#8221;{}&#8221;][et_pb_text _builder_version=&#8221;4.27.0&#8243; _module_preset=&#8221;default&#8221; text_font=&#8221;Montserrat|300|||||||&#8221; text_text_color=&#8221;#000000&#8243; text_font_size=&#8221;16px&#8221; header_2_font=&#8221;Noto Serif||||||||&#8221; header_2_text_color=&#8221;#000000&#8243; header_2_font_size=&#8221;30px&#8221; header_2_line_height=&#8221;1.4em&#8221; background_color=&#8221;RGBA(255,255,255,0)&#8221; custom_margin=&#8221;||||true|false&#8221; custom_padding=&#8221;20px|20px|20px|20px|true|true&#8221; animation_style=&#8221;fade&#8221; sticky_position=&#8221;top&#8221; sticky_limit_bottom=&#8221;section&#8221; hover_enabled=&#8221;0&#8243; header_2_font_size_tablet=&#8221;32px&#8221; header_2_font_size_phone=&#8221;20px&#8221; header_2_font_size_last_edited=&#8221;on|desktop&#8221; border_radii=&#8221;on|25px|25px|25px|25px&#8221; border_width_all=&#8221;2px&#8221; border_color_all=&#8221;#61B594&#8243; border_style_all=&#8221;dashed&#8221; locked=&#8221;off&#8221; global_colors_info=&#8221;{}&#8221; sticky_enabled=&#8221;0&#8243;]<\/p>\n<p><strong>Tariffe<\/strong><\/p>\n<p>Seduta preparazione : <strong><span style=\"color: #61b594;\">CHF 150<\/span><\/strong><\/p>\n<p>Seduta Costellazione Familiare : <strong><span style=\"color: #61b594;\">CHF 200<\/span><\/strong><\/p>\n<p><strong>Le sedute sono rimborsate dall&#8217;assicurazione complementare ?<\/strong><\/p>\n<p>Le sedute di Costellazione Familiare non sono coperte dall&#8217;assicurazione complementare.<\/p>\n<p>[\/et_pb_text][\/et_pb_column][\/et_pb_row][\/et_pb_section]<\/p>\n","protected":false},"excerpt":{"rendered":"<p>Costellazioni FamiliariCos&#8217;\u00e8 la Costellazione Familiare? La Costellazione Familiare \u00e8 uno strumento terapeutico che mira a rivisitare la storia familiare al fine di capire meglio l&#8217;origine di determinati problemi o blocchi e di liberarsene. Il metodo \u00e8 stato sviluppato da Bert Hellinger negli anni &#8217;90. Quest&#8217;ultimo si basava sul presupposto che le difficolt\u00e0 psicologiche, gli schemi [&hellip;]<\/p>\n","protected":false},"author":1,"featured_media":0,"parent":0,"menu_order":0,"comment_status":"closed","ping_status":"closed","template":"","meta":{"_et_pb_use_builder":"on","_et_pb_old_content":"<!-- wp:divi\/placeholder \/-->","_et_gb_content_width":"","footnotes":""},"class_list":["post-30108","page","type-page","status-publish","hentry"],"_links":{"self":[{"href":"https:\/\/naila-therapies.ch\/it\/wp-json\/wp\/v2\/pages\/30108","targetHints":{"allow":["GET"]}}],"collection":[{"href":"https:\/\/naila-therapies.ch\/it\/wp-json\/wp\/v2\/pages"}],"about":[{"href":"https:\/\/naila-therapies.ch\/it\/wp-json\/wp\/v2\/types\/page"}],"author":[{"embeddable":true,"href":"https:\/\/naila-therapies.ch\/it\/wp-json\/wp\/v2\/users\/1"}],"replies":[{"embeddable":true,"href":"https:\/\/naila-therapies.ch\/it\/wp-json\/wp\/v2\/comments?post=30108"}],"version-history":[{"count":8,"href":"https:\/\/naila-therapies.ch\/it\/wp-json\/wp\/v2\/pages\/30108\/revisions"}],"predecessor-version":[{"id":30689,"href":"https:\/\/naila-therapies.ch\/it\/wp-json\/wp\/v2\/pages\/30108\/revisions\/30689"}],"wp:attachment":[{"href":"https:\/\/naila-therapies.ch\/it\/wp-json\/wp\/v2\/media?parent=30108"}],"curies":[{"name":"wp","href":"https:\/\/api.w.org\/{rel}","templated":true}]}}