{"id":30069,"date":"2024-08-09T11:10:06","date_gmt":"2024-08-09T09:10:06","guid":{"rendered":"https:\/\/naila-therapies.ch\/mohi\/"},"modified":"2025-12-31T17:02:32","modified_gmt":"2025-12-31T16:02:32","slug":"mohi","status":"publish","type":"page","link":"https:\/\/naila-therapies.ch\/it\/mohi\/","title":{"rendered":"MOHI"},"content":{"rendered":"<p>[et_pb_section fb_built=&#8221;1&#8243; admin_label=&#8221;Header&#8221; _builder_version=&#8221;4.27.0&#8243; _module_preset=&#8221;default&#8221; use_background_color_gradient=&#8221;on&#8221; background_color_gradient_stops=&#8221;rgba(0,0,0,0.4) 0%|rgba(0,0,0,0.4) 100%&#8221; background_color_gradient_overlays_image=&#8221;on&#8221; background_image=&#8221;https:\/\/naila-therapies.ch\/wp-content\/uploads\/2024\/08\/Design-sans-titre-2024-08-15T132345.879.png&#8221; custom_padding=&#8221;64px||64px||true|false&#8221; locked=&#8221;off&#8221; collapsed=&#8221;on&#8221; global_colors_info=&#8221;{}&#8221;][et_pb_row _builder_version=&#8221;4.22.0&#8243; _module_preset=&#8221;default&#8221; global_colors_info=&#8221;{}&#8221;][et_pb_column type=&#8221;4_4&#8243; _builder_version=&#8221;4.22.0&#8243; _module_preset=&#8221;default&#8221; global_colors_info=&#8221;{}&#8221;][et_pb_text _builder_version=&#8221;4.27.0&#8243; _module_preset=&#8221;_initial&#8221; header_font=&#8221;Noto Serif||||||||&#8221; header_text_color=&#8221;#FFFFFF&#8221; header_font_size=&#8221;62px&#8221; header_line_height=&#8221;1.2em&#8221; custom_margin=&#8221;||27px|||&#8221; animation_style=&#8221;fade&#8221; header_font_size_tablet=&#8221;40px&#8221; header_font_size_phone=&#8221;34px&#8221; header_font_size_last_edited=&#8221;on|desktop&#8221; global_colors_info=&#8221;{}&#8221;]<\/p>\n<h1 style=\"text-align: center;\">MOHI\u00ae<\/h1>\n<p>[\/et_pb_text][et_pb_text _builder_version=&#8221;4.27.0&#8243; _module_preset=&#8221;_initial&#8221; text_font=&#8221;Montserrat|300|||||||&#8221; text_text_color=&#8221;#FFFFFF&#8221; text_font_size=&#8221;16px&#8221; header_font=&#8221;Noto Serif||||||||&#8221; header_text_color=&#8221;#FFFFFF&#8221; header_font_size=&#8221;62px&#8221; header_line_height=&#8221;1.2em&#8221; animation_style=&#8221;fade&#8221; header_font_size_tablet=&#8221;40px&#8221; header_font_size_phone=&#8221;34px&#8221; header_font_size_last_edited=&#8221;on|desktop&#8221; global_colors_info=&#8221;{}&#8221;]<\/p>\n<p style=\"text-align: center;\">Movimenti Oculari in Ipnosi Integrativa<\/p>\n<p>[\/et_pb_text][\/et_pb_column][\/et_pb_row][\/et_pb_section][et_pb_section fb_built=&#8221;1&#8243; disabled_on=&#8221;off|off|off&#8221; admin_label=&#8221;Products&#8221; _builder_version=&#8221;4.27.0&#8243; _module_preset=&#8221;default&#8221; background_color=&#8221;#f9f9f9&#8243; locked=&#8221;off&#8221; collapsed=&#8221;off&#8221; global_colors_info=&#8221;{}&#8221;][et_pb_row column_structure=&#8221;2_3,1_3&#8243; _builder_version=&#8221;4.27.0&#8243; _module_preset=&#8221;default&#8221; max_width=&#8221;1440px&#8221; global_colors_info=&#8221;{}&#8221;][et_pb_column type=&#8221;2_3&#8243; _builder_version=&#8221;4.27.0&#8243; _module_preset=&#8221;default&#8221; global_colors_info=&#8221;{}&#8221; background__hover_enabled=&#8221;on|hover&#8221;][et_pb_image src=&#8221;https:\/\/naila-therapies.ch\/wp-content\/uploads\/2024\/08\/Design-sans-titre-68.png&#8221; title_text=&#8221;Design sans titre (68)&#8221; align=&#8221;center&#8221; force_fullwidth=&#8221;on&#8221; _builder_version=&#8221;4.27.0&#8243; _module_preset=&#8221;default&#8221; animation_style=&#8221;fade&#8221; border_radii=&#8221;on|25px|25px|25px|25px&#8221; global_colors_info=&#8221;{}&#8221;][\/et_pb_image][et_pb_text _builder_version=&#8221;4.27.0&#8243; _module_preset=&#8221;_initial&#8221; text_font=&#8221;Montserrat|300|||||||&#8221; text_text_color=&#8221;#000000&#8243; text_font_size=&#8221;16px&#8221; header_2_font=&#8221;Noto Serif||||||||&#8221; header_2_text_color=&#8221;#000000&#8243; header_2_font_size=&#8221;30px&#8221; header_2_line_height=&#8221;1.4em&#8221; background_color=&#8221;RGBA(255,255,255,0)&#8221; custom_margin=&#8221;||||true|false&#8221; custom_padding=&#8221;20px|20px|20px|20px|true|true&#8221; animation_style=&#8221;fade&#8221; header_2_font_size_tablet=&#8221;32px&#8221; header_2_font_size_phone=&#8221;20px&#8221; header_2_font_size_last_edited=&#8221;on|desktop&#8221; border_radii=&#8221;on|25px|25px|25px|25px&#8221; border_width_all=&#8221;2px&#8221; border_color_all=&#8221;#61B594&#8243; border_style_all=&#8221;dashed&#8221; locked=&#8221;off&#8221; global_colors_info=&#8221;{}&#8221;]<\/p>\n<h2 style=\"text-align: left;\">Che cosa sono i MOHI\u00ae<span style=\"color: #61b594;\"> Movimenti Oculari in Ipnosi Integrativa ?<\/span><\/h2>\n<p>Lo strumento terapeutico MOHI\u00ae \u00e8 una tecnica per il rilascio di traumi e ferite emotive che combina movimenti oculari, programmazione neuro-linguistica e ipnosi.<\/p>\n<p>I movimenti oculari provocati dal terapeuta in un ambiente sicuro permetteranno al paziente di neutralizzare le emozioni e le sensazioni legate ai traumi o alle ferite vissute e che non sono state digerite in passato dalla parte inconscia della mente.<\/p>\n<p>Grazie allo stato ipnotico indotto dal terapeuta e ai movimenti oculari eseguiti, le emozioni e le sensazioni vengono scaricate dal paziente, il che ha per conseguenza di placare e\/o far scomparire i sintomi e le reazioni presente.<\/p>\n<p>[\/et_pb_text][et_pb_text _builder_version=&#8221;4.27.0&#8243; _module_preset=&#8221;_initial&#8221; text_font=&#8221;Montserrat|300|||||||&#8221; text_text_color=&#8221;#000000&#8243; text_font_size=&#8221;16px&#8221; header_2_font=&#8221;Noto Serif||||||||&#8221; header_2_text_color=&#8221;#000000&#8243; header_2_font_size=&#8221;30px&#8221; header_2_line_height=&#8221;1.4em&#8221; background_color=&#8221;RGBA(255,255,255,0)&#8221; custom_margin=&#8221;||||true|false&#8221; custom_padding=&#8221;20px|20px|20px|20px|true|true&#8221; animation_style=&#8221;fade&#8221; header_2_font_size_tablet=&#8221;32px&#8221; header_2_font_size_phone=&#8221;20px&#8221; header_2_font_size_last_edited=&#8221;on|desktop&#8221; border_radii=&#8221;on|25px|25px|25px|25px&#8221; border_width_all=&#8221;2px&#8221; border_color_all=&#8221;#61B594&#8243; border_style_all=&#8221;dashed&#8221; locked=&#8221;off&#8221; global_colors_info=&#8221;{}&#8221;]<\/p>\n<h2 style=\"text-align: left;\">Qual \u00e8 la differenza tra <span style=\"color: #61b594;\">MOHI\u00ae ed EMDR ?<\/span><\/h2>\n<p>L&#8217;EMDR lavora sul momento in cui si \u00e8 creato il trauma o la ferita, confrontando il paziente direttamente con esse.<\/p>\n<p>A differenza dell&#8217;EMDR, la tecnica MOHI\u00ae preferisce lavorare in modo pi\u00f9 progressivo, partendo da un momento neutro per poi svolgere la catena di eventi fino al momento del trauma, seguendo e rispettando il ritmo del paziente.<\/p>\n<p>Permette inoltre di impostare risorse nel paziente, permettergli di raggiungere un obiettivo o prepararlo per un evento futuro.<\/p>\n<p>[\/et_pb_text][et_pb_text _builder_version=&#8221;4.27.0&#8243; _module_preset=&#8221;_initial&#8221; text_font=&#8221;Montserrat|300|||||||&#8221; text_text_color=&#8221;#000000&#8243; text_font_size=&#8221;16px&#8221; header_2_font=&#8221;Noto Serif||||||||&#8221; header_2_text_color=&#8221;#000000&#8243; header_2_font_size=&#8221;30px&#8221; header_2_line_height=&#8221;1.4em&#8221; background_color=&#8221;RGBA(255,255,255,0)&#8221; custom_margin=&#8221;||||true|false&#8221; custom_padding=&#8221;20px|20px|20px|20px|true|true&#8221; animation_style=&#8221;fade&#8221; header_2_font_size_tablet=&#8221;32px&#8221; header_2_font_size_phone=&#8221;20px&#8221; header_2_font_size_last_edited=&#8221;on|desktop&#8221; border_radii=&#8221;on|25px|25px|25px|25px&#8221; border_width_all=&#8221;2px&#8221; border_color_all=&#8221;#61B594&#8243; border_style_all=&#8221;dashed&#8221; locked=&#8221;off&#8221; global_colors_info=&#8221;{}&#8221;]<\/p>\n<h2 style=\"text-align: left;\">A chi si rivolgono i <span style=\"color: #61b594;\">MOHI\u00ae?<\/span><\/h2>\n<p>Poich\u00e9 lo scopo di questa tecnica \u00e8 quello di far emergere emozioni che possono essere molto forti al fine di neutralizzarle, \u00e8 pi\u00f9 specificamente rivolta agli adulti.<\/p>\n<p>[\/et_pb_text][et_pb_image src=&#8221;https:\/\/naila-therapies.ch\/wp-content\/uploads\/2024\/08\/Depositphotos_48340729_L.jpg&#8221; title_text=&#8221;Green eye looking on female face on white background&#8221; _builder_version=&#8221;4.27.0&#8243; _module_preset=&#8221;default&#8221; animation_style=&#8221;fade&#8221; border_radii=&#8221;on|25px|25px|25px|25px&#8221; global_colors_info=&#8221;{}&#8221;][\/et_pb_image][et_pb_text _builder_version=&#8221;4.27.0&#8243; _module_preset=&#8221;_initial&#8221; text_font=&#8221;Montserrat|300|||||||&#8221; text_text_color=&#8221;#000000&#8243; text_font_size=&#8221;16px&#8221; header_2_font=&#8221;Noto Serif||||||||&#8221; header_2_text_color=&#8221;#000000&#8243; header_2_font_size=&#8221;30px&#8221; header_2_line_height=&#8221;1.4em&#8221; background_color=&#8221;RGBA(255,255,255,0)&#8221; custom_margin=&#8221;||||true|false&#8221; custom_padding=&#8221;20px|20px|20px|20px|true|true&#8221; animation_style=&#8221;fade&#8221; header_2_font_size_tablet=&#8221;32px&#8221; header_2_font_size_phone=&#8221;20px&#8221; header_2_font_size_last_edited=&#8221;on|desktop&#8221; border_radii=&#8221;on|25px|25px|25px|25px&#8221; border_width_all=&#8221;2px&#8221; border_color_all=&#8221;#61B594&#8243; border_style_all=&#8221;dashed&#8221; locked=&#8221;off&#8221; global_colors_info=&#8221;{}&#8221;]<\/p>\n<h2 style=\"text-align: left;\">Quali sono le sue <span style=\"color: #61b594;\">applicazioni ?<\/span><\/h2>\n<p>Le applicazioni dei MOHI\u00ae sono le seguenti:<\/p>\n<ul>\n<li>Rilascio di trauma<\/li>\n<li>Gestione delle emozioni<\/li>\n<li>Gestione del dolore<\/li>\n<li>Gestione dello stress<\/li>\n<li>Sollievo dell&#8217;ansia<\/li>\n<li>Installazione di risorse<\/li>\n<li>Raggiunta di un obiettivo<\/li>\n<li>Rilascio della fobia<\/li>\n<li>Modificazione di un comportamento<\/li>\n<li>Preparazione per un evento futuro<\/li>\n<\/ul>\n<p>[\/et_pb_text][et_pb_text _builder_version=&#8221;4.27.0&#8243; _module_preset=&#8221;_initial&#8221; text_font=&#8221;Montserrat|300|||||||&#8221; text_text_color=&#8221;#000000&#8243; text_font_size=&#8221;16px&#8221; header_2_font=&#8221;Noto Serif||||||||&#8221; header_2_text_color=&#8221;#000000&#8243; header_2_font_size=&#8221;30px&#8221; header_2_line_height=&#8221;1.4em&#8221; background_color=&#8221;RGBA(255,255,255,0)&#8221; custom_margin=&#8221;||||true|false&#8221; custom_padding=&#8221;20px|20px|20px|20px|true|true&#8221; animation_style=&#8221;fade&#8221; header_2_font_size_tablet=&#8221;32px&#8221; header_2_font_size_phone=&#8221;20px&#8221; header_2_font_size_last_edited=&#8221;on|desktop&#8221; border_radii=&#8221;on|25px|25px|25px|25px&#8221; border_width_all=&#8221;2px&#8221; border_color_all=&#8221;#61B594&#8243; border_style_all=&#8221;dashed&#8221; locked=&#8221;off&#8221; global_colors_info=&#8221;{}&#8221;]<\/p>\n<h2 style=\"text-align: left;\">Ci sono <span style=\"color: #61b594;\">controindicazioni al MOHI\u00ae ?<\/span><\/h2>\n<p>Ci sono infatti alcune controindicazioni all&#8217;uso dei MOHI\u00ae.<\/p>\n<p>Se il paziente \u00e8 emotivamente fragile o depresso, lo stato emotivo deve essere stabilizzato in anticipo. Questo pu\u00f2 essere fatto attraverso una o pi\u00f9 sessioni di ipnosi.<\/p>\n<p>Inoltre, non \u00e8 consigliabile utilizzare questa tecnica con i seguenti pazienti:<\/p>\n<ul>\n<li>Disturbi cardiaci<\/li>\n<li>Donne in gravidanza<\/li>\n<li>Epilettici<\/li>\n<li>Problemi agli occhi (ad es. glaucoma o tensione all&#8217;occhio)<\/li>\n<li>Uso di benzodiazepine<\/li>\n<li>Disturbi psicotici o dissociativi<\/li>\n<\/ul>\n<p>Un paziente che indossa occhiali o lenti a contatto dovr\u00e0 rimuoverli prima di una sessione di movimento oculare.<\/p>\n<p>[\/et_pb_text][et_pb_image src=&#8221;https:\/\/naila-therapies.ch\/wp-content\/uploads\/2024\/08\/Depositphotos_30317325_XL-scaled.jpg&#8221; title_text=&#8221;Depositphotos_30317325_XL&#8221; _builder_version=&#8221;4.27.0&#8243; _module_preset=&#8221;default&#8221; animation_style=&#8221;fade&#8221; border_radii=&#8221;on|25px|25px|25px|25px&#8221; locked=&#8221;off&#8221; global_colors_info=&#8221;{}&#8221;][\/et_pb_image][et_pb_text _builder_version=&#8221;4.27.0&#8243; _module_preset=&#8221;_initial&#8221; text_font=&#8221;Montserrat|300|||||||&#8221; text_text_color=&#8221;#000000&#8243; text_font_size=&#8221;16px&#8221; header_2_font=&#8221;Noto Serif||||||||&#8221; header_2_text_color=&#8221;#000000&#8243; header_2_font_size=&#8221;30px&#8221; header_2_line_height=&#8221;1.4em&#8221; background_color=&#8221;RGBA(255,255,255,0)&#8221; custom_margin=&#8221;||||true|false&#8221; custom_padding=&#8221;20px|20px|20px|20px|true|true&#8221; animation_style=&#8221;fade&#8221; header_2_font_size_tablet=&#8221;32px&#8221; header_2_font_size_phone=&#8221;20px&#8221; header_2_font_size_last_edited=&#8221;on|desktop&#8221; border_radii=&#8221;on|25px|25px|25px|25px&#8221; border_width_all=&#8221;2px&#8221; border_color_all=&#8221;#61B594&#8243; border_style_all=&#8221;dashed&#8221; locked=&#8221;off&#8221; global_colors_info=&#8221;{}&#8221;]<\/p>\n<h2 style=\"text-align: left;\">Quante sedute sono necessarie per <span style=\"color: #61b594;\">risolvere una problematica ?<\/span><\/h2>\n<p>Il numero di sedute pu\u00f2 variare secondo lo stato emotivo del paziente prima e durante le sedute, nonch\u00e9 l&#8217;intensit\u00e0 e la profondit\u00e0 della problematica.<\/p>\n<p>In ogni caso, sono necessarie almeno 4 sedute.<\/p>\n<p>[\/et_pb_text][et_pb_text _builder_version=&#8221;4.27.0&#8243; _module_preset=&#8221;_initial&#8221; text_font=&#8221;Montserrat|300|||||||&#8221; text_text_color=&#8221;#000000&#8243; text_font_size=&#8221;16px&#8221; header_2_font=&#8221;Noto Serif||||||||&#8221; header_2_text_color=&#8221;#000000&#8243; header_2_font_size=&#8221;30px&#8221; header_2_line_height=&#8221;1.4em&#8221; background_color=&#8221;RGBA(255,255,255,0)&#8221; custom_margin=&#8221;||||true|false&#8221; custom_padding=&#8221;20px|20px|20px|20px|true|true&#8221; animation_style=&#8221;fade&#8221; header_2_font_size_tablet=&#8221;32px&#8221; header_2_font_size_phone=&#8221;20px&#8221; header_2_font_size_last_edited=&#8221;on|desktop&#8221; border_radii=&#8221;on|25px|25px|25px|25px&#8221; border_width_all=&#8221;2px&#8221; border_color_all=&#8221;#61B594&#8243; border_style_all=&#8221;dashed&#8221; locked=&#8221;off&#8221; global_colors_info=&#8221;{}&#8221;]<\/p>\n<h2 style=\"text-align: left;\">Come funziona una <span style=\"color: #61b594;\">sessione di MOHI\u00ae ?<\/span><\/h2>\n<p>Durante il primo appuntamento, prendiamo il tempo per esplorare con il paziente ci\u00f2 che lo porta qui, per discutere di ci\u00f2 che sta vivendo e per identificare i suoi bisogni e l&#8217;obiettivo desiderato. Questo \u00e8 anche il momento in cui presentiamo il metodo e come funziona.<\/p>\n<p>Durante il secondo appuntamento, imposteremo le risorse necessarie per le sessioni successive.<\/p>\n<p>Durante la\/le sedute successiva\/e avr\u00e0 luogo la fase di neutralizzazione, o d&#8217;impostazione dello stato desiderato oppure di proiezione futura in base all&#8217;obiettivo iniziale del paziente.<\/p>\n<p>[\/et_pb_text][et_pb_text _builder_version=&#8221;4.27.0&#8243; _module_preset=&#8221;_initial&#8221; text_font=&#8221;Montserrat|300|||||||&#8221; text_text_color=&#8221;#000000&#8243; text_font_size=&#8221;16px&#8221; header_2_font=&#8221;Noto Serif||||||||&#8221; header_2_text_color=&#8221;#000000&#8243; header_2_font_size=&#8221;30px&#8221; header_2_line_height=&#8221;1.4em&#8221; background_color=&#8221;RGBA(255,255,255,0)&#8221; custom_margin=&#8221;||||true|false&#8221; custom_padding=&#8221;20px|20px|20px|20px|true|true&#8221; animation_style=&#8221;fade&#8221; header_2_font_size_tablet=&#8221;32px&#8221; header_2_font_size_phone=&#8221;20px&#8221; header_2_font_size_last_edited=&#8221;on|desktop&#8221; border_radii=&#8221;on|25px|25px|25px|25px&#8221; border_width_all=&#8221;2px&#8221; border_color_all=&#8221;#61B594&#8243; border_style_all=&#8221;dashed&#8221; locked=&#8221;off&#8221; global_colors_info=&#8221;{}&#8221;]<\/p>\n<h2 style=\"text-align: left;\">Con quale frequenza <span style=\"color: #61b594;\">si svolgono le sessioni ?<\/span><\/h2>\n<p>C\u2019\u00e8 un intervallo di una o due settimane tra il primo colloquio e la prima sessione di MOHI\u00ae.<\/p>\n<p>Tra il secondo appuntamento e il terzo, c\u2019\u00e8 un intervallo di 3 o 4 settimane, in modo da dare il tempo alle risorse di essere integrate dalla parte inconscia della mente.<\/p>\n<p>Tra le seguenti sessione, l&#8217;intervallo dipender\u00e0 dallo stato emotivo del paziente.<\/p>\n<p>[\/et_pb_text][\/et_pb_column][et_pb_column type=&#8221;1_3&#8243; _builder_version=&#8221;4.27.0&#8243; _module_preset=&#8221;default&#8221; global_colors_info=&#8221;{}&#8221;][et_pb_text _builder_version=&#8221;4.27.0&#8243; _module_preset=&#8221;default&#8221; text_font=&#8221;Montserrat|300|||||||&#8221; text_text_color=&#8221;#000000&#8243; text_font_size=&#8221;16px&#8221; header_2_font=&#8221;Noto Serif||||||||&#8221; header_2_text_color=&#8221;#000000&#8243; header_2_font_size=&#8221;30px&#8221; header_2_line_height=&#8221;1.4em&#8221; background_color=&#8221;RGBA(255,255,255,0)&#8221; custom_margin=&#8221;||||true|false&#8221; custom_padding=&#8221;20px|20px|20px|20px|true|true&#8221; animation_style=&#8221;fade&#8221; sticky_position=&#8221;top&#8221; sticky_limit_bottom=&#8221;section&#8221; hover_enabled=&#8221;0&#8243; header_2_font_size_tablet=&#8221;32px&#8221; header_2_font_size_phone=&#8221;20px&#8221; header_2_font_size_last_edited=&#8221;on|desktop&#8221; border_radii=&#8221;on|25px|25px|25px|25px&#8221; border_width_all=&#8221;2px&#8221; border_color_all=&#8221;#61B594&#8243; border_style_all=&#8221;dashed&#8221; locked=&#8221;off&#8221; global_colors_info=&#8221;{}&#8221; sticky_enabled=&#8221;0&#8243;]<\/p>\n<p><strong>Tariffe<\/strong><\/p>\n<p>Seduta individuale:<\/p>\n<p>Prima seduta :\u00a0 <strong><span style=\"color: #61b594;\">CHF 130<\/span><\/strong><br \/>Sedute seguenti : <strong><span style=\"color: #61b594;\">CHF 150<\/span><\/strong><\/p>\n<p>Pacchetto (4 sedute) :\u00a0 <strong><span style=\"color: #61b594;\">CHF 540<\/span><\/strong><\/p>\n<p><strong>Le sedute sono rimborsate da un&#8217;assicurazione complementare ?<\/strong><\/p>\n<p>Le sedute di MOHI\u00ae non sono rimborsate dall&#8217;assicurazione complementare.<\/p>\n<p>[\/et_pb_text][\/et_pb_column][\/et_pb_row][\/et_pb_section]<\/p>\n","protected":false},"excerpt":{"rendered":"<p>MOHI\u00aeMovimenti Oculari in Ipnosi IntegrativaChe cosa sono i MOHI\u00ae Movimenti Oculari in Ipnosi Integrativa ? Lo strumento terapeutico MOHI\u00ae \u00e8 una tecnica per il rilascio di traumi e ferite emotive che combina movimenti oculari, programmazione neuro-linguistica e ipnosi. I movimenti oculari provocati dal terapeuta in un ambiente sicuro permetteranno al paziente di neutralizzare le emozioni [&hellip;]<\/p>\n","protected":false},"author":1,"featured_media":0,"parent":0,"menu_order":0,"comment_status":"closed","ping_status":"closed","template":"","meta":{"_et_pb_use_builder":"on","_et_pb_old_content":"<!-- wp:divi\/placeholder \/-->","_et_gb_content_width":"","footnotes":""},"class_list":["post-30069","page","type-page","status-publish","hentry"],"_links":{"self":[{"href":"https:\/\/naila-therapies.ch\/it\/wp-json\/wp\/v2\/pages\/30069","targetHints":{"allow":["GET"]}}],"collection":[{"href":"https:\/\/naila-therapies.ch\/it\/wp-json\/wp\/v2\/pages"}],"about":[{"href":"https:\/\/naila-therapies.ch\/it\/wp-json\/wp\/v2\/types\/page"}],"author":[{"embeddable":true,"href":"https:\/\/naila-therapies.ch\/it\/wp-json\/wp\/v2\/users\/1"}],"replies":[{"embeddable":true,"href":"https:\/\/naila-therapies.ch\/it\/wp-json\/wp\/v2\/comments?post=30069"}],"version-history":[{"count":9,"href":"https:\/\/naila-therapies.ch\/it\/wp-json\/wp\/v2\/pages\/30069\/revisions"}],"predecessor-version":[{"id":30658,"href":"https:\/\/naila-therapies.ch\/it\/wp-json\/wp\/v2\/pages\/30069\/revisions\/30658"}],"wp:attachment":[{"href":"https:\/\/naila-therapies.ch\/it\/wp-json\/wp\/v2\/media?parent=30069"}],"curies":[{"name":"wp","href":"https:\/\/api.w.org\/{rel}","templated":true}]}}