{"id":30052,"date":"2024-08-09T11:09:47","date_gmt":"2024-08-09T09:09:47","guid":{"rendered":"https:\/\/naila-therapies.ch\/eft\/"},"modified":"2026-02-21T11:05:23","modified_gmt":"2026-02-21T10:05:23","slug":"eft","status":"publish","type":"page","link":"https:\/\/naila-therapies.ch\/it\/eft\/","title":{"rendered":"EFT"},"content":{"rendered":"<p>[et_pb_section fb_built=&#8221;1&#8243; admin_label=&#8221;Header&#8221; _builder_version=&#8221;4.27.0&#8243; _module_preset=&#8221;default&#8221; use_background_color_gradient=&#8221;on&#8221; background_color_gradient_stops=&#8221;rgba(0,0,0,0.4) 0%|rgba(0,0,0,0.4) 100%&#8221; background_color_gradient_overlays_image=&#8221;on&#8221; background_image=&#8221;https:\/\/naila-therapies.ch\/wp-content\/uploads\/2024\/08\/Depositphotos_520114718_L.jpg&#8221; custom_padding=&#8221;64px||64px||true|false&#8221; locked=&#8221;off&#8221; collapsed=&#8221;on&#8221; global_colors_info=&#8221;{}&#8221;][et_pb_row _builder_version=&#8221;4.22.0&#8243; _module_preset=&#8221;default&#8221; global_colors_info=&#8221;{}&#8221;][et_pb_column type=&#8221;4_4&#8243; _builder_version=&#8221;4.22.0&#8243; _module_preset=&#8221;default&#8221; global_colors_info=&#8221;{}&#8221;][et_pb_text _builder_version=&#8221;4.27.0&#8243; _module_preset=&#8221;_initial&#8221; header_font=&#8221;Noto Serif||||||||&#8221; header_text_color=&#8221;#FFFFFF&#8221; header_font_size=&#8221;62px&#8221; header_line_height=&#8221;1.2em&#8221; custom_margin=&#8221;||27px|||&#8221; animation_style=&#8221;fade&#8221; header_font_size_tablet=&#8221;40px&#8221; header_font_size_phone=&#8221;34px&#8221; header_font_size_last_edited=&#8221;on|desktop&#8221; global_colors_info=&#8221;{}&#8221;]<\/p>\n<h1 style=\"text-align: center;\">EFT<\/h1>\n<p>[\/et_pb_text][et_pb_text _builder_version=&#8221;4.27.0&#8243; _module_preset=&#8221;_initial&#8221; text_font=&#8221;Montserrat|300|||||||&#8221; text_text_color=&#8221;#FFFFFF&#8221; text_font_size=&#8221;16px&#8221; header_font=&#8221;Noto Serif||||||||&#8221; header_text_color=&#8221;#FFFFFF&#8221; header_font_size=&#8221;62px&#8221; header_line_height=&#8221;1.2em&#8221; animation_style=&#8221;fade&#8221; header_font_size_tablet=&#8221;40px&#8221; header_font_size_phone=&#8221;34px&#8221; header_font_size_last_edited=&#8221;on|desktop&#8221; global_colors_info=&#8221;{}&#8221;]<\/p>\n<p style=\"text-align: center;\">Emotional Freedom Techniques<\/p>\n<p>[\/et_pb_text][\/et_pb_column][\/et_pb_row][\/et_pb_section][et_pb_section fb_built=&#8221;1&#8243; disabled_on=&#8221;off|off|off&#8221; admin_label=&#8221;Products&#8221; _builder_version=&#8221;4.27.0&#8243; _module_preset=&#8221;default&#8221; background_color=&#8221;#f9f9f9&#8243; locked=&#8221;off&#8221; collapsed=&#8221;off&#8221; global_colors_info=&#8221;{}&#8221;][et_pb_row column_structure=&#8221;2_3,1_3&#8243; _builder_version=&#8221;4.27.0&#8243; _module_preset=&#8221;default&#8221; max_width=&#8221;1440px&#8221; global_colors_info=&#8221;{}&#8221;][et_pb_column type=&#8221;2_3&#8243; _builder_version=&#8221;4.27.0&#8243; _module_preset=&#8221;default&#8221; global_colors_info=&#8221;{}&#8221; background__hover_enabled=&#8221;on|hover&#8221;][et_pb_image src=&#8221;https:\/\/naila-therapies.ch\/wp-content\/uploads\/2024\/08\/Design-sans-titre-71-1.png&#8221; title_text=&#8221;Design sans titre (71)&#8221; align=&#8221;center&#8221; force_fullwidth=&#8221;on&#8221; _builder_version=&#8221;4.27.0&#8243; _module_preset=&#8221;default&#8221; animation_style=&#8221;fade&#8221; border_radii=&#8221;on|25px|25px|25px|25px&#8221; global_colors_info=&#8221;{}&#8221;][\/et_pb_image][et_pb_text _builder_version=&#8221;4.27.0&#8243; _module_preset=&#8221;_initial&#8221; text_font=&#8221;Montserrat|300|||||||&#8221; text_text_color=&#8221;#000000&#8243; text_font_size=&#8221;16px&#8221; header_2_font=&#8221;Noto Serif||||||||&#8221; header_2_text_color=&#8221;#000000&#8243; header_2_font_size=&#8221;30px&#8221; header_2_line_height=&#8221;1.4em&#8221; background_color=&#8221;RGBA(255,255,255,0)&#8221; custom_margin=&#8221;||||true|false&#8221; custom_padding=&#8221;20px|20px|20px|20px|true|true&#8221; animation_style=&#8221;fade&#8221; header_2_font_size_tablet=&#8221;32px&#8221; header_2_font_size_phone=&#8221;20px&#8221; header_2_font_size_last_edited=&#8221;on|desktop&#8221; border_radii=&#8221;on|25px|25px|25px|25px&#8221; border_width_all=&#8221;2px&#8221; border_color_all=&#8221;#61B594&#8243; border_style_all=&#8221;dashed&#8221; locked=&#8221;off&#8221; global_colors_info=&#8221;{}&#8221;]<\/p>\n<h2 style=\"text-align: left;\">Che cos&#8217;\u00e8 l\u2019<span style=\"color: #61b594;\">EFT (Emotional Freedom Techniques) ?<\/span><\/h2>\n<p>L\u2019EFT \u00e8 un metodo di auto-aiuto mente-corpo sviluppato a met\u00e0 degli anni &#8217;90 da Gary\u00a0Craig per alleviare o rilasciare un&#8217;infinita variet\u00e0 di dolori emotivi e fisici, disturbi psicologici, nonch\u00e9 paure e pensieri e credenze limitanti.<\/p>\n<p>Il metodo \u00e8 stato sviluppato sulla base di altre aree terapeutiche come l&#8217;agopuntura, la kinesiologia e la terapia del campo di pensiero (Thought Field Therapy).<\/p>\n<p>[\/et_pb_text][et_pb_text _builder_version=&#8221;4.27.0&#8243; _module_preset=&#8221;_initial&#8221; text_font=&#8221;Montserrat|300|||||||&#8221; text_text_color=&#8221;#000000&#8243; text_font_size=&#8221;16px&#8221; header_2_font=&#8221;Noto Serif||||||||&#8221; header_2_text_color=&#8221;#000000&#8243; header_2_font_size=&#8221;30px&#8221; header_2_line_height=&#8221;1.4em&#8221; background_color=&#8221;RGBA(255,255,255,0)&#8221; custom_margin=&#8221;||||true|false&#8221; custom_padding=&#8221;20px|20px|20px|20px|true|true&#8221; animation_style=&#8221;fade&#8221; header_2_font_size_tablet=&#8221;32px&#8221; header_2_font_size_phone=&#8221;20px&#8221; header_2_font_size_last_edited=&#8221;on|desktop&#8221; border_radii=&#8221;on|25px|25px|25px|25px&#8221; border_width_all=&#8221;2px&#8221; border_color_all=&#8221;#61B594&#8243; border_style_all=&#8221;dashed&#8221; locked=&#8221;off&#8221; global_colors_info=&#8221;{}&#8221;]<\/p>\n<h2 style=\"text-align: left;\">Come funziona l&#8217;<span style=\"color: #61b594;\">EFT ?<\/span><\/h2>\n<p>L&#8217;EFT lavora con il sistema di energia sottile del corpo e con la parte inconscia della nostra mente.<\/p>\n<p>Il metodo combina l&#8217;uso di picchietti con la punta delle dita (tecnica chiamata tapping) sui punti di agopuntura (chiamati meridiani) con la verbalizzazione consapevole di pensieri e sentimenti interiori.<\/p>\n<p>Il tapping permette di liberare le emozioni bloccate nei diversi punti e quindi l&#8217;energia di fluire correttamente e in modo sano attraverso i meridiani e il corpo. La verbalizzazione ci permette di modificare la percezione interna di una situazione\/emozione e di riprogrammare la parte inconscia della nostra mente affinch\u00e9 reagisca in modo diverso ad una situazione simile.<\/p>\n<p>[\/et_pb_text][et_pb_text _builder_version=&#8221;4.27.0&#8243; _module_preset=&#8221;_initial&#8221; text_font=&#8221;Montserrat|300|||||||&#8221; text_text_color=&#8221;#000000&#8243; text_font_size=&#8221;16px&#8221; header_2_font=&#8221;Noto Serif||||||||&#8221; header_2_text_color=&#8221;#000000&#8243; header_2_font_size=&#8221;30px&#8221; header_2_line_height=&#8221;1.4em&#8221; background_color=&#8221;RGBA(255,255,255,0)&#8221; custom_margin=&#8221;||||true|false&#8221; custom_padding=&#8221;20px|20px|20px|20px|true|true&#8221; animation_style=&#8221;fade&#8221; header_2_font_size_tablet=&#8221;32px&#8221; header_2_font_size_phone=&#8221;20px&#8221; header_2_font_size_last_edited=&#8221;on|desktop&#8221; border_radii=&#8221;on|25px|25px|25px|25px&#8221; border_width_all=&#8221;2px&#8221; border_color_all=&#8221;#61B594&#8243; border_style_all=&#8221;dashed&#8221; locked=&#8221;off&#8221; global_colors_info=&#8221;{}&#8221;]<\/p>\n<h2 style=\"text-align: left;\">A chi \u00e8 rivolta l&#8217; <span style=\"color: #61b594;\">EFT <\/span><span style=\"color: #61b594;\">?<\/span><\/h2>\n<p>Il desiderio di Gary Craig era quello di creare un metodo di auto-aiuto che fosse facile da usare ed accessibile a tutti. Pu\u00f2 quindi essere utilizzato da chiunque abbia pi\u00f9 di 7 anni, anche se l&#8217;applicazione \u00e8 leggermente diversa per i bambini.<\/p>\n<p>[\/et_pb_text][et_pb_image src=&#8221;https:\/\/naila-therapies.ch\/wp-content\/uploads\/2024\/08\/Design-sans-titre-69.png&#8221; title_text=&#8221;Design sans titre (69)&#8221; force_fullwidth=&#8221;on&#8221; _builder_version=&#8221;4.27.0&#8243; _module_preset=&#8221;default&#8221; animation_style=&#8221;fade&#8221; border_radii=&#8221;on|25px|25px|25px|25px&#8221; global_colors_info=&#8221;{}&#8221;][\/et_pb_image][et_pb_text _builder_version=&#8221;4.27.0&#8243; _module_preset=&#8221;_initial&#8221; text_font=&#8221;Montserrat|300|||||||&#8221; text_text_color=&#8221;#000000&#8243; text_font_size=&#8221;16px&#8221; header_2_font=&#8221;Noto Serif||||||||&#8221; header_2_text_color=&#8221;#000000&#8243; header_2_font_size=&#8221;30px&#8221; header_2_line_height=&#8221;1.4em&#8221; background_color=&#8221;RGBA(255,255,255,0)&#8221; custom_margin=&#8221;||||true|false&#8221; custom_padding=&#8221;20px|20px|20px|20px|true|true&#8221; animation_style=&#8221;fade&#8221; header_2_font_size_tablet=&#8221;32px&#8221; header_2_font_size_phone=&#8221;20px&#8221; header_2_font_size_last_edited=&#8221;on|desktop&#8221; border_radii=&#8221;on|25px|25px|25px|25px&#8221; border_width_all=&#8221;2px&#8221; border_color_all=&#8221;#61B594&#8243; border_style_all=&#8221;dashed&#8221; locked=&#8221;off&#8221; global_colors_info=&#8221;{}&#8221;]<\/p>\n<h2 style=\"text-align: left;\">Quali sono le <span style=\"color: #61b594;\">sue applicazioni ?<\/span><\/h2>\n<p>Le applicazioni dell\u2019EFT sono in realt\u00e0 infinite e permettono di lavorare, tra l\u2019altro, sui seguenti aspetti:<\/p>\n<ul>\n<li>Stress, ansiet\u00e0, paure, fobie e disturbo ossessivo compulsivo<\/li>\n<li>Difficolt\u00e0 emotive, depressione e burnout<\/li>\n<li>Separazione, divorzio e lutto<\/li>\n<li>Disturbi del sonno<\/li>\n<li>Dolore e malattia<\/li>\n<li>Traumatismi<\/li>\n<li>Autostima<\/li>\n<li>Fiducia in s\u00e9<\/li>\n<li>Bullismo e difficolt\u00e0 scolastiche<\/li>\n<li>Disturbi dell&#8217;attaccamento<\/li>\n<li>Dipendenze lievi<\/li>\n<li>Perdita di peso, gestione dell\u2019alimentazione e disturbi del comportamento alimentare<\/li>\n<li>Menopausa<\/li>\n<li>Sessualit\u00e0<\/li>\n<li>Sviluppo o miglioramento delle capacit\u00e0 atletiche ed academiche<\/li>\n<\/ul>\n<p>Inoltre, l\u2019EFT diventa uno strumento di auto-aiuto per il futuro grazie all&#8217;apprendimento fornito dal terapeuta.<\/p>\n<p>[\/et_pb_text][et_pb_text _builder_version=&#8221;4.27.0&#8243; _module_preset=&#8221;_initial&#8221; text_font=&#8221;Montserrat|300|||||||&#8221; text_text_color=&#8221;#000000&#8243; text_font_size=&#8221;16px&#8221; header_2_font=&#8221;Noto Serif||||||||&#8221; header_2_text_color=&#8221;#000000&#8243; header_2_font_size=&#8221;30px&#8221; header_2_line_height=&#8221;1.4em&#8221; background_color=&#8221;RGBA(255,255,255,0)&#8221; custom_margin=&#8221;||||true|false&#8221; custom_padding=&#8221;20px|20px|20px|20px|true|true&#8221; animation_style=&#8221;fade&#8221; header_2_font_size_tablet=&#8221;32px&#8221; header_2_font_size_phone=&#8221;20px&#8221; header_2_font_size_last_edited=&#8221;on|desktop&#8221; border_radii=&#8221;on|25px|25px|25px|25px&#8221; border_width_all=&#8221;2px&#8221; border_color_all=&#8221;#61B594&#8243; border_style_all=&#8221;dashed&#8221; locked=&#8221;off&#8221; global_colors_info=&#8221;{}&#8221;]<\/p>\n<h2 style=\"text-align: left;\">Quante sedute sono necessarie per <span style=\"color: #61b594;\">risolvere una problematica?<\/span><\/h2>\n<p>Il numero di sedute dipende dalla profondit\u00e0 della problematica su cui il paziente desidera lavorare, dall&#8217;obiettivo fissato all&#8217;inizio della terapia ma anche dalla regolarit\u00e0 con la quale il paziente applica il metodo fuori sedute.<\/p>\n<p>Inoltre, ci possono essere possibili resistenze inconsce che possono essere presenti fin dall&#8217;inizio oppure emergere durante la terapia.<\/p>\n<p>Anche se i risultati positivi si avvertono la maggior parte gi\u00e0 dopo la prima seduta, \u00e8 importante tenere presente che \u00e8 necessario un lavoro approfondito sull&#8217;origine del problema o dei sintomi emotivo\/fisici per evitare il riemergere di questi ultimi in futuro.<\/p>\n<ul><\/ul>\n<p>[\/et_pb_text][et_pb_image src=&#8221;https:\/\/naila-therapies.ch\/wp-content\/uploads\/2024\/08\/Design-sans-titre-70-1.png&#8221; title_text=&#8221;Design sans titre (70)&#8221; force_fullwidth=&#8221;on&#8221; _builder_version=&#8221;4.27.0&#8243; _module_preset=&#8221;default&#8221; animation_style=&#8221;fade&#8221; border_radii=&#8221;on|25px|25px|25px|25px&#8221; locked=&#8221;off&#8221; global_colors_info=&#8221;{}&#8221;][\/et_pb_image][et_pb_text _builder_version=&#8221;4.27.0&#8243; _module_preset=&#8221;_initial&#8221; text_font=&#8221;Montserrat|300|||||||&#8221; text_text_color=&#8221;#000000&#8243; text_font_size=&#8221;16px&#8221; header_2_font=&#8221;Noto Serif||||||||&#8221; header_2_text_color=&#8221;#000000&#8243; header_2_font_size=&#8221;30px&#8221; header_2_line_height=&#8221;1.4em&#8221; background_color=&#8221;RGBA(255,255,255,0)&#8221; custom_margin=&#8221;||||true|false&#8221; custom_padding=&#8221;20px|20px|20px|20px|true|true&#8221; animation_style=&#8221;fade&#8221; header_2_font_size_tablet=&#8221;32px&#8221; header_2_font_size_phone=&#8221;20px&#8221; header_2_font_size_last_edited=&#8221;on|desktop&#8221; border_radii=&#8221;on|25px|25px|25px|25px&#8221; border_width_all=&#8221;2px&#8221; border_color_all=&#8221;#61B594&#8243; border_style_all=&#8221;dashed&#8221; locked=&#8221;off&#8221; global_colors_info=&#8221;{}&#8221;]<\/p>\n<h2 style=\"text-align: left;\">Come funziona una <span style=\"color: #61b594;\">seduta di EFT ?<\/span><\/h2>\n<p>Innanzitutto, \u00e8 necessario distinguere la prima seduta della terapia dalle sedute successive.<\/p>\n<p>Durante il primo appuntamento, si prende il tempo di esplorare con il paziente cosa lo porta qui, per discutere di ci\u00f2 che sta vivendo attualmente, qual \u00e8 il suo percorso di vita e soprattutto in quale direzione vuole andare e come vuole sentirsi in futuro. Questa seduta aiuta anche a creare un legame di fiducia tra il paziente e il terapeuta, essenziale per il successo della terapia.<\/p>\n<p>Durante le visite successive, questo scambio prosegue in linea con l&#8217;obiettivo fissato durante il primo colloquio, pur rimanendo attento alle esigenze ed al ritmo del paziente.<\/p>\n<p>A questo scambio segue poi la seduta di EFT vera e propria durante la quale il terapeuta guider\u00e0 il paziente attraverso del processo di tapping et verbalizzazione.<\/p>\n<p>[\/et_pb_text][et_pb_text _builder_version=&#8221;4.27.0&#8243; _module_preset=&#8221;_initial&#8221; text_font=&#8221;Montserrat|300|||||||&#8221; text_text_color=&#8221;#000000&#8243; text_font_size=&#8221;16px&#8221; header_2_font=&#8221;Noto Serif||||||||&#8221; header_2_text_color=&#8221;#000000&#8243; header_2_font_size=&#8221;30px&#8221; header_2_line_height=&#8221;1.4em&#8221; background_color=&#8221;RGBA(255,255,255,0)&#8221; custom_margin=&#8221;||||true|false&#8221; custom_padding=&#8221;20px|20px|20px|20px|true|true&#8221; animation_style=&#8221;fade&#8221; header_2_font_size_tablet=&#8221;32px&#8221; header_2_font_size_phone=&#8221;20px&#8221; header_2_font_size_last_edited=&#8221;on|desktop&#8221; border_radii=&#8221;on|25px|25px|25px|25px&#8221; border_width_all=&#8221;2px&#8221; border_color_all=&#8221;#61B594&#8243; border_style_all=&#8221;dashed&#8221; locked=&#8221;off&#8221; global_colors_info=&#8221;{}&#8221;]<\/p>\n<h2 style=\"text-align: left;\">Con quale frequenza <span style=\"color: #61b594;\">si svolgono le sessioni ?<\/span><\/h2>\n<p>C&#8217;\u00e8 un intervallo di una o due settimane tra il primo colloquio e la prima sessione di EFT.<\/p>\n<p>Successivamente, le sessioni di EFT si svolgono ogni 3 o 4 settimane per consentire al lavoro svolto <strong>al di fuori della sessione<\/strong> dal paziente di dare i suoi frutti e quindi consentire alle emozioni di essere completamente rilasciate e alla parte inconscia della mente di essere riprogrammata positivamente.<\/p>\n<p>[\/et_pb_text][\/et_pb_column][et_pb_column type=&#8221;1_3&#8243; _builder_version=&#8221;4.27.0&#8243; _module_preset=&#8221;default&#8221; global_colors_info=&#8221;{}&#8221;][et_pb_text _builder_version=&#8221;4.27.0&#8243; _module_preset=&#8221;default&#8221; text_font=&#8221;Montserrat|300|||||||&#8221; text_text_color=&#8221;#000000&#8243; text_font_size=&#8221;16px&#8221; header_2_font=&#8221;Noto Serif||||||||&#8221; header_2_text_color=&#8221;#000000&#8243; header_2_font_size=&#8221;30px&#8221; header_2_line_height=&#8221;1.4em&#8221; background_color=&#8221;RGBA(255,255,255,0)&#8221; custom_margin=&#8221;||||true|false&#8221; custom_padding=&#8221;20px|20px|20px|20px|true|true&#8221; animation_style=&#8221;fade&#8221; sticky_position=&#8221;top&#8221; sticky_limit_bottom=&#8221;section&#8221; hover_enabled=&#8221;0&#8243; header_2_font_size_tablet=&#8221;32px&#8221; header_2_font_size_phone=&#8221;20px&#8221; header_2_font_size_last_edited=&#8221;on|desktop&#8221; border_radii=&#8221;on|25px|25px|25px|25px&#8221; border_width_all=&#8221;2px&#8221; border_color_all=&#8221;#61B594&#8243; border_style_all=&#8221;dashed&#8221; locked=&#8221;off&#8221; global_colors_info=&#8221;{}&#8221; sticky_enabled=&#8221;0&#8243;]<\/p>\n<p><strong>Tariffe<\/strong><\/p>\n<p>Seduta individuale:<\/p>\n<p>Adulti : <strong><span style=\"color: #61b594;\">CHF 140<\/span><\/strong><br \/>Bambini &lt; 12 anni : <strong><span style=\"color: #61b594;\">CHF 120<\/span><\/strong><br \/>Bambini &gt; 12 anni : <strong><span style=\"color: #61b594;\">CHF 130<\/span><\/strong><\/p>\n<p>Pacchetto:<\/p>\n<p>Adulti (6 sedute) : <strong><span style=\"color: #61b594;\">CHF 780<\/span><\/strong><br \/>Bambini &lt; 12 anni (4 sedute) : <strong><span style=\"color: #61b594;\">CHF 440<\/span><\/strong><br \/>Bambini &gt; 12 anni (4 sedute) : <strong><span style=\"color: #61b594;\">CHF 480<\/span><\/strong><\/p>\n<p><strong>Le sedute sono rimborsate da un&#8217;assicurazione complementare ?<\/strong><\/p>\n<p>Ogni assicurazione complementare ha la libert\u00e0 di decidere se prendere in carica o meno le sedute di EFT, nonch\u00e9 le condizioni di copertura. Si consiglia dunque di contattare la propria assicurazione complementare.<\/p>\n<p>[\/et_pb_text][\/et_pb_column][\/et_pb_row][\/et_pb_section]<\/p>\n","protected":false},"excerpt":{"rendered":"<p>EFTEmotional Freedom TechniquesChe cos&#8217;\u00e8 l\u2019EFT (Emotional Freedom Techniques) ? L\u2019EFT \u00e8 un metodo di auto-aiuto mente-corpo sviluppato a met\u00e0 degli anni &#8217;90 da Gary\u00a0Craig per alleviare o rilasciare un&#8217;infinita variet\u00e0 di dolori emotivi e fisici, disturbi psicologici, nonch\u00e9 paure e pensieri e credenze limitanti. Il metodo \u00e8 stato sviluppato sulla base di altre aree terapeutiche [&hellip;]<\/p>\n","protected":false},"author":1,"featured_media":0,"parent":0,"menu_order":0,"comment_status":"closed","ping_status":"closed","template":"","meta":{"_et_pb_use_builder":"on","_et_pb_old_content":"","_et_gb_content_width":"","footnotes":""},"class_list":["post-30052","page","type-page","status-publish","hentry"],"_links":{"self":[{"href":"https:\/\/naila-therapies.ch\/it\/wp-json\/wp\/v2\/pages\/30052","targetHints":{"allow":["GET"]}}],"collection":[{"href":"https:\/\/naila-therapies.ch\/it\/wp-json\/wp\/v2\/pages"}],"about":[{"href":"https:\/\/naila-therapies.ch\/it\/wp-json\/wp\/v2\/types\/page"}],"author":[{"embeddable":true,"href":"https:\/\/naila-therapies.ch\/it\/wp-json\/wp\/v2\/users\/1"}],"replies":[{"embeddable":true,"href":"https:\/\/naila-therapies.ch\/it\/wp-json\/wp\/v2\/comments?post=30052"}],"version-history":[{"count":6,"href":"https:\/\/naila-therapies.ch\/it\/wp-json\/wp\/v2\/pages\/30052\/revisions"}],"predecessor-version":[{"id":30685,"href":"https:\/\/naila-therapies.ch\/it\/wp-json\/wp\/v2\/pages\/30052\/revisions\/30685"}],"wp:attachment":[{"href":"https:\/\/naila-therapies.ch\/it\/wp-json\/wp\/v2\/media?parent=30052"}],"curies":[{"name":"wp","href":"https:\/\/api.w.org\/{rel}","templated":true}]}}