{"id":30036,"date":"2024-08-09T11:09:08","date_gmt":"2024-08-09T09:09:08","guid":{"rendered":"https:\/\/naila-therapies.ch\/goulding-method\/"},"modified":"2026-03-28T15:47:16","modified_gmt":"2026-03-28T14:47:16","slug":"goulding-method","status":"publish","type":"page","link":"https:\/\/naila-therapies.ch\/it\/goulding-method\/","title":{"rendered":"Sleeptalk"},"content":{"rendered":"<p>[et_pb_section fb_built=&#8221;1&#8243; admin_label=&#8221;Header&#8221; _builder_version=&#8221;4.27.0&#8243; _module_preset=&#8221;default&#8221; use_background_color_gradient=&#8221;on&#8221; background_color_gradient_stops=&#8221;rgba(0,0,0,0.4) 0%|rgba(0,0,0,0.4) 100%&#8221; background_color_gradient_overlays_image=&#8221;on&#8221; background_image=&#8221;https:\/\/naila-therapies.ch\/wp-content\/uploads\/2024\/08\/Depositphotos_334784208_L.jpg&#8221; custom_padding=&#8221;64px||64px||true|false&#8221; locked=&#8221;off&#8221; collapsed=&#8221;on&#8221; global_colors_info=&#8221;{}&#8221;][et_pb_row _builder_version=&#8221;4.22.0&#8243; _module_preset=&#8221;default&#8221; global_colors_info=&#8221;{}&#8221;][et_pb_column type=&#8221;4_4&#8243; _builder_version=&#8221;4.22.0&#8243; _module_preset=&#8221;default&#8221; global_colors_info=&#8221;{}&#8221;][et_pb_text _builder_version=&#8221;4.27.0&#8243; _module_preset=&#8221;_initial&#8221; header_font=&#8221;Noto Serif||||||||&#8221; header_text_color=&#8221;#FFFFFF&#8221; header_font_size=&#8221;62px&#8221; header_line_height=&#8221;1.2em&#8221; custom_margin=&#8221;||27px|||&#8221; animation_style=&#8221;fade&#8221; hover_enabled=&#8221;0&#8243; header_font_size_tablet=&#8221;40px&#8221; header_font_size_phone=&#8221;34px&#8221; header_font_size_last_edited=&#8221;on|desktop&#8221; global_colors_info=&#8221;{}&#8221; sticky_enabled=&#8221;0&#8243;]<\/p>\n<h1 style=\"text-align: center;\">Sleeptalk\u00ae<\/h1>\n<p>[\/et_pb_text][et_pb_text _builder_version=&#8221;4.27.0&#8243; _module_preset=&#8221;_initial&#8221; text_font=&#8221;Montserrat|300|||||||&#8221; text_text_color=&#8221;#FFFFFF&#8221; text_font_size=&#8221;16px&#8221; header_font=&#8221;Noto Serif||||||||&#8221; header_text_color=&#8221;#FFFFFF&#8221; header_font_size=&#8221;62px&#8221; header_line_height=&#8221;1.2em&#8221; animation_style=&#8221;fade&#8221; hover_enabled=&#8221;0&#8243; header_font_size_tablet=&#8221;40px&#8221; header_font_size_phone=&#8221;34px&#8221; header_font_size_last_edited=&#8221;on|desktop&#8221; global_colors_info=&#8221;{}&#8221; sticky_enabled=&#8221;0&#8243;]<\/p>\n<p style=\"text-align: center;\">(precedentemente chiamato Goulding Method\u00ae)<\/p>\n<p>[\/et_pb_text][\/et_pb_column][\/et_pb_row][\/et_pb_section][et_pb_section fb_built=&#8221;1&#8243; disabled_on=&#8221;off|off|off&#8221; admin_label=&#8221;Products&#8221; _builder_version=&#8221;4.27.0&#8243; _module_preset=&#8221;default&#8221; background_color=&#8221;#f9f9f9&#8243; locked=&#8221;off&#8221; collapsed=&#8221;off&#8221; global_colors_info=&#8221;{}&#8221;][et_pb_row column_structure=&#8221;2_3,1_3&#8243; _builder_version=&#8221;4.27.0&#8243; _module_preset=&#8221;default&#8221; max_width=&#8221;1440px&#8221; global_colors_info=&#8221;{}&#8221;][et_pb_column type=&#8221;2_3&#8243; _builder_version=&#8221;4.27.0&#8243; _module_preset=&#8221;default&#8221; global_colors_info=&#8221;{}&#8221; background__hover_enabled=&#8221;on|hover&#8221;][et_pb_image src=&#8221;https:\/\/naila-therapies.ch\/wp-content\/uploads\/2024\/08\/Depositphotos_5974543_L.jpg&#8221; title_text=&#8221;Depositphotos_5974543_L&#8221; align=&#8221;center&#8221; _builder_version=&#8221;4.27.0&#8243; _module_preset=&#8221;default&#8221; animation_style=&#8221;fade&#8221; border_radii=&#8221;on|25px|25px|25px|25px&#8221; global_colors_info=&#8221;{}&#8221;][\/et_pb_image][et_pb_text _builder_version=&#8221;4.27.0&#8243; _module_preset=&#8221;_initial&#8221; text_font=&#8221;Montserrat|300|||||||&#8221; text_text_color=&#8221;#000000&#8243; text_font_size=&#8221;16px&#8221; header_2_font=&#8221;Noto Serif||||||||&#8221; header_2_text_color=&#8221;#000000&#8243; header_2_font_size=&#8221;30px&#8221; header_2_line_height=&#8221;1.4em&#8221; background_color=&#8221;RGBA(255,255,255,0)&#8221; custom_margin=&#8221;||||true|false&#8221; custom_padding=&#8221;20px|20px|20px|20px|true|true&#8221; animation_style=&#8221;fade&#8221; hover_enabled=&#8221;0&#8243; header_2_font_size_tablet=&#8221;32px&#8221; header_2_font_size_phone=&#8221;20px&#8221; header_2_font_size_last_edited=&#8221;on|desktop&#8221; border_radii=&#8221;on|25px|25px|25px|25px&#8221; border_width_all=&#8221;2px&#8221; border_color_all=&#8221;#61B594&#8243; border_style_all=&#8221;dashed&#8221; locked=&#8221;off&#8221; global_colors_info=&#8221;{}&#8221; sticky_enabled=&#8221;0&#8243;]<\/p>\n<h2 style=\"text-align: left;\">Che cos&#8217;\u00e8 il <span style=\"color: #61b594;\">Sleeptalk\u00ae?<\/span><\/h2>\n<p style=\"line-height: 108%; margin-bottom: 0.28cm;\" align=\"justify\"><span lang=\"it-IT\">Il Sleeptalk\u00ae \u00e8 uno strumento terapeutico per migliorare lo stato emotivo e fisico del bambino attraverso suggerimenti per il cambiamento.<\/span><\/p>\n<p>[\/et_pb_text][et_pb_text _builder_version=&#8221;4.27.0&#8243; _module_preset=&#8221;_initial&#8221; text_font=&#8221;Montserrat|300|||||||&#8221; text_text_color=&#8221;#000000&#8243; text_font_size=&#8221;16px&#8221; header_2_font=&#8221;Noto Serif||||||||&#8221; header_2_text_color=&#8221;#000000&#8243; header_2_font_size=&#8221;30px&#8221; header_2_line_height=&#8221;1.4em&#8221; background_color=&#8221;RGBA(255,255,255,0)&#8221; custom_margin=&#8221;||||true|false&#8221; custom_padding=&#8221;20px|20px|20px|20px|true|true&#8221; animation_style=&#8221;fade&#8221; hover_enabled=&#8221;0&#8243; header_2_font_size_tablet=&#8221;32px&#8221; header_2_font_size_phone=&#8221;20px&#8221; header_2_font_size_last_edited=&#8221;on|desktop&#8221; border_radii=&#8221;on|25px|25px|25px|25px&#8221; border_width_all=&#8221;2px&#8221; border_color_all=&#8221;#61B594&#8243; border_style_all=&#8221;dashed&#8221; locked=&#8221;off&#8221; global_colors_info=&#8221;{}&#8221; sticky_enabled=&#8221;0&#8243;]<\/p>\n<h2 style=\"text-align: left;\">A chi \u00e8 rivolto il <span style=\"color: #61b594;\">Sleeptalk\u00ae ?<\/span><\/h2>\n<p>Il Sleeptalk\u00ae si rivolge ai bambini da 1 a 12 anni. Viene applicato direttamente dai genitori al bambino durante il sonno per un periodo da 6 a 8 mesi.<\/p>\n<p>[\/et_pb_text][et_pb_text _builder_version=&#8221;4.27.0&#8243; _module_preset=&#8221;_initial&#8221; text_font=&#8221;Montserrat|300|||||||&#8221; text_text_color=&#8221;#000000&#8243; text_font_size=&#8221;16px&#8221; header_2_font=&#8221;Noto Serif||||||||&#8221; header_2_text_color=&#8221;#000000&#8243; header_2_font_size=&#8221;30px&#8221; header_2_line_height=&#8221;1.4em&#8221; background_color=&#8221;RGBA(255,255,255,0)&#8221; custom_margin=&#8221;||||true|false&#8221; custom_padding=&#8221;20px|20px|20px|20px|true|true&#8221; animation_style=&#8221;fade&#8221; hover_enabled=&#8221;0&#8243; header_2_font_size_tablet=&#8221;32px&#8221; header_2_font_size_phone=&#8221;20px&#8221; header_2_font_size_last_edited=&#8221;on|desktop&#8221; border_radii=&#8221;on|25px|25px|25px|25px&#8221; border_width_all=&#8221;2px&#8221; border_color_all=&#8221;#61B594&#8243; border_style_all=&#8221;dashed&#8221; locked=&#8221;off&#8221; global_colors_info=&#8221;{}&#8221; sticky_enabled=&#8221;0&#8243;]<\/p>\n<h2 style=\"text-align: left;\">Quali sono le <span style=\"color: #61b594;\">sue applicazioni ?<\/span><\/h2>\n<p>Le applicazioni del Sleeptalk\u00ae sono in realt\u00e0 infinite e permettono di lavorare, tra gli altri, sui seguenti aspetti:<\/p>\n<ul>\n<li>Difficolt\u00e0 emotive<\/li>\n<li>Autostima e fiducia in s\u00e9 stessi<\/li>\n<li>Disturbi del sonno<\/li>\n<li>Paura e fobie<\/li>\n<li>Stress e ansia<\/li>\n<li>Disturbi comportamentali<\/li>\n<li>Bullismo e difficolt\u00e0 scolastiche<\/li>\n<li>Separazione, divorzio e lutto<\/li>\n<li>Malattie di origine emotiva<\/li>\n<li>Disturbi dell&#8217;attaccamento<\/li>\n<\/ul>\n<p>Il Sleeptalk\u00ae pu\u00f2 anche essere semplicemente uno strumento per dare al bambino tutto ci\u00f2 di cui ha bisogno per gestire da solo le prove o le difficolt\u00e0 future della vita, con fiducia e serenit\u00e0.<\/p>\n<p>[\/et_pb_text][et_pb_text _builder_version=&#8221;4.27.0&#8243; _module_preset=&#8221;_initial&#8221; text_font=&#8221;Montserrat|300|||||||&#8221; text_text_color=&#8221;#000000&#8243; text_font_size=&#8221;16px&#8221; header_2_font=&#8221;Noto Serif||||||||&#8221; header_2_text_color=&#8221;#000000&#8243; header_2_font_size=&#8221;30px&#8221; header_2_line_height=&#8221;1.4em&#8221; background_color=&#8221;RGBA(255,255,255,0)&#8221; custom_margin=&#8221;||||true|false&#8221; custom_padding=&#8221;20px|20px|20px|20px|true|true&#8221; animation_style=&#8221;fade&#8221; hover_enabled=&#8221;0&#8243; header_2_font_size_tablet=&#8221;32px&#8221; header_2_font_size_phone=&#8221;20px&#8221; header_2_font_size_last_edited=&#8221;on|desktop&#8221; border_radii=&#8221;on|25px|25px|25px|25px&#8221; border_width_all=&#8221;2px&#8221; border_color_all=&#8221;#61B594&#8243; border_style_all=&#8221;dashed&#8221; locked=&#8221;off&#8221; global_colors_info=&#8221;{}&#8221; sticky_enabled=&#8221;0&#8243;]<\/p>\n<h2 style=\"text-align: left;\">Per quanto tempo deve essere <span style=\"color: #61b594;\">applicato il Sleeptalk\u00ae?<\/span><\/h2>\n<p>Il metodo dovrebbe idealmente essere applicato per 6-8 mesi. Se viene applicato correttamente e regolarmente, \u00e8 sufficiente per risolvere un problema o almeno ridurlo a un livello gestibile per il bambino e i genitori.<\/p>\n<p>[\/et_pb_text][et_pb_image src=&#8221;https:\/\/naila-therapies.ch\/wp-content\/uploads\/2024\/08\/Depositphotos_26904959_L.jpg&#8221; title_text=&#8221;Depositphotos_26904959_L&#8221; _builder_version=&#8221;4.27.0&#8243; _module_preset=&#8221;default&#8221; animation_style=&#8221;fade&#8221; border_radii=&#8221;on|25px|25px|25px|25px&#8221; global_colors_info=&#8221;{}&#8221;][\/et_pb_image][et_pb_text _builder_version=&#8221;4.27.0&#8243; _module_preset=&#8221;_initial&#8221; text_font=&#8221;Montserrat|300|||||||&#8221; text_text_color=&#8221;#000000&#8243; text_font_size=&#8221;16px&#8221; header_2_font=&#8221;Noto Serif||||||||&#8221; header_2_text_color=&#8221;#000000&#8243; header_2_font_size=&#8221;30px&#8221; header_2_line_height=&#8221;1.4em&#8221; background_color=&#8221;RGBA(255,255,255,0)&#8221; custom_margin=&#8221;||||true|false&#8221; custom_padding=&#8221;20px|20px|20px|20px|true|true&#8221; animation_style=&#8221;fade&#8221; hover_enabled=&#8221;0&#8243; header_2_font_size_tablet=&#8221;32px&#8221; header_2_font_size_phone=&#8221;20px&#8221; header_2_font_size_last_edited=&#8221;on|desktop&#8221; border_radii=&#8221;on|25px|25px|25px|25px&#8221; border_width_all=&#8221;2px&#8221; border_color_all=&#8221;#61B594&#8243; border_style_all=&#8221;dashed&#8221; locked=&#8221;off&#8221; global_colors_info=&#8221;{}&#8221; sticky_enabled=&#8221;0&#8243;]<\/p>\n<h2 style=\"text-align: left;\">Come si svolgono le sedute tra <span style=\"color: #61b594;\">genitori e terapeuta ?<\/span><\/h2>\n<p>Il Sleeptalk\u00ae si compone di 3 appuntamenti ai quali il bambino non assiste.<\/p>\n<p>Durante il primo appuntamento, spieghiamo ai genitori come \u00e8 stata creato e funziona il metodo. Prendiamo poi il tempo per esplorare ci\u00f2 che il bambino sta vivendo attualmente, qual \u00e8 il suo percorso di vita e soprattutto su cosa lavoreremo. Infine, effettuiamo una valutazione della situazione prima che inizi l&#8217;applicazione dei suggerimenti che verranno dati dal terapeuta.<\/p>\n<p>Durante il secondo e il terzo incontro, facciamo il punto della situazione, dei miglioramenti che sono stati realizzati e scriviamo i nuovi suggerimenti che verranno applicati in seguito.<\/p>\n<p>Tre scambi telefonici tra una sessione e l&#8217;altra ci permettono anche di fare il punto della situazione, se necessario.<\/p>\n<p>[\/et_pb_text][et_pb_text _builder_version=&#8221;4.27.0&#8243; _module_preset=&#8221;_initial&#8221; text_font=&#8221;Montserrat|300|||||||&#8221; text_text_color=&#8221;#000000&#8243; text_font_size=&#8221;16px&#8221; header_2_font=&#8221;Noto Serif||||||||&#8221; header_2_text_color=&#8221;#000000&#8243; header_2_font_size=&#8221;30px&#8221; header_2_line_height=&#8221;1.4em&#8221; background_color=&#8221;RGBA(255,255,255,0)&#8221; custom_margin=&#8221;||||true|false&#8221; custom_padding=&#8221;20px|20px|20px|20px|true|true&#8221; animation_style=&#8221;fade&#8221; header_2_font_size_tablet=&#8221;32px&#8221; header_2_font_size_phone=&#8221;20px&#8221; header_2_font_size_last_edited=&#8221;on|desktop&#8221; border_radii=&#8221;on|25px|25px|25px|25px&#8221; border_width_all=&#8221;2px&#8221; border_color_all=&#8221;#61B594&#8243; border_style_all=&#8221;dashed&#8221; locked=&#8221;off&#8221; global_colors_info=&#8221;{}&#8221;]<\/p>\n<h2 style=\"text-align: left;\">Come funziona l&#8217;applicazione del metodo <span style=\"color: #61b594;\">al bambino ?<\/span><\/h2>\n<p>I genitori applicano i suggerimenti dati dal terapeuta ogni sera durante il sonno del bambino, seguendo la procedura spiegata dal terapeuta.<\/p>\n<p>L&#8217;applicazione del metodo richiede un massimo di 5 minuti al giorno.<\/p>\n<p>[\/et_pb_text][et_pb_text _builder_version=&#8221;4.27.0&#8243; _module_preset=&#8221;_initial&#8221; text_font=&#8221;Montserrat|300|||||||&#8221; text_text_color=&#8221;#000000&#8243; text_font_size=&#8221;16px&#8221; header_2_font=&#8221;Noto Serif||||||||&#8221; header_2_text_color=&#8221;#000000&#8243; header_2_font_size=&#8221;30px&#8221; header_2_line_height=&#8221;1.4em&#8221; background_color=&#8221;RGBA(255,255,255,0)&#8221; custom_margin=&#8221;||||true|false&#8221; custom_padding=&#8221;20px|20px|20px|20px|true|true&#8221; animation_style=&#8221;fade&#8221; header_2_font_size_tablet=&#8221;32px&#8221; header_2_font_size_phone=&#8221;20px&#8221; header_2_font_size_last_edited=&#8221;on|desktop&#8221; border_radii=&#8221;on|25px|25px|25px|25px&#8221; border_width_all=&#8221;2px&#8221; border_color_all=&#8221;#61B594&#8243; border_style_all=&#8221;dashed&#8221; locked=&#8221;off&#8221; global_colors_info=&#8221;{}&#8221;]<\/p>\n<h2 style=\"text-align: left;\">Con quale frequenza si svolgono gli <span style=\"color: #6bb593;\">appuntamenti con il terapeuta ?<\/span><\/h2>\n<p>Ogni appuntamento \u00e8 distante di circa 2 mesi, in modo da permettere alle suggestioni di ancorarsi correttamente nella parte inconscia della mente del bambino.<\/p>\n<p>[\/et_pb_text][\/et_pb_column][et_pb_column type=&#8221;1_3&#8243; _builder_version=&#8221;4.27.0&#8243; _module_preset=&#8221;default&#8221; global_colors_info=&#8221;{}&#8221;][et_pb_text _builder_version=&#8221;4.27.0&#8243; _module_preset=&#8221;default&#8221; text_font=&#8221;Montserrat|300|||||||&#8221; text_text_color=&#8221;#000000&#8243; text_font_size=&#8221;16px&#8221; header_2_font=&#8221;Noto Serif||||||||&#8221; header_2_text_color=&#8221;#000000&#8243; header_2_font_size=&#8221;30px&#8221; header_2_line_height=&#8221;1.4em&#8221; background_color=&#8221;RGBA(255,255,255,0)&#8221; custom_margin=&#8221;||||true|false&#8221; custom_padding=&#8221;20px|20px|20px|20px|true|true&#8221; animation_style=&#8221;fade&#8221; sticky_position=&#8221;top&#8221; sticky_limit_bottom=&#8221;section&#8221; hover_enabled=&#8221;0&#8243; header_2_font_size_tablet=&#8221;32px&#8221; header_2_font_size_phone=&#8221;20px&#8221; header_2_font_size_last_edited=&#8221;on|desktop&#8221; border_radii=&#8221;on|25px|25px|25px|25px&#8221; border_width_all=&#8221;2px&#8221; border_color_all=&#8221;#61B594&#8243; border_style_all=&#8221;dashed&#8221; locked=&#8221;off&#8221; global_colors_info=&#8221;{}&#8221; sticky_enabled=&#8221;0&#8243;]<\/p>\n<p><strong>Tariffa<\/strong><\/p>\n<p>Pacchetto:<\/p>\n<p>3 appuntamenti e 3 telefonate : <strong><span style=\"color: #61b594;\">CHF 450<\/span><\/strong><\/p>\n<p><strong>Le sedute sono rimborsate da un&#8217;assicurazione complementare?<\/strong><\/p>\n<p>Il Sleeptalk\u00ae non \u00e8 rimborsato dalle assicurazioni complementari.<\/p>\n<p>[\/et_pb_text][\/et_pb_column][\/et_pb_row][\/et_pb_section]<\/p>\n","protected":false},"excerpt":{"rendered":"<p>Sleeptalk\u00ae(precedentemente chiamato Goulding Method\u00ae)Che cos&#8217;\u00e8 il Sleeptalk\u00ae? Il Sleeptalk\u00ae \u00e8 uno strumento terapeutico per migliorare lo stato emotivo e fisico del bambino attraverso suggerimenti per il cambiamento.A chi \u00e8 rivolto il Sleeptalk\u00ae ? Il Sleeptalk\u00ae si rivolge ai bambini da 1 a 12 anni. Viene applicato direttamente dai genitori al bambino durante il sonno per [&hellip;]<\/p>\n","protected":false},"author":1,"featured_media":0,"parent":0,"menu_order":0,"comment_status":"closed","ping_status":"closed","template":"","meta":{"_et_pb_use_builder":"on","_et_pb_old_content":"<!-- wp:divi\/placeholder \/-->","_et_gb_content_width":"","footnotes":""},"class_list":["post-30036","page","type-page","status-publish","hentry"],"_links":{"self":[{"href":"https:\/\/naila-therapies.ch\/it\/wp-json\/wp\/v2\/pages\/30036","targetHints":{"allow":["GET"]}}],"collection":[{"href":"https:\/\/naila-therapies.ch\/it\/wp-json\/wp\/v2\/pages"}],"about":[{"href":"https:\/\/naila-therapies.ch\/it\/wp-json\/wp\/v2\/types\/page"}],"author":[{"embeddable":true,"href":"https:\/\/naila-therapies.ch\/it\/wp-json\/wp\/v2\/users\/1"}],"replies":[{"embeddable":true,"href":"https:\/\/naila-therapies.ch\/it\/wp-json\/wp\/v2\/comments?post=30036"}],"version-history":[{"count":5,"href":"https:\/\/naila-therapies.ch\/it\/wp-json\/wp\/v2\/pages\/30036\/revisions"}],"predecessor-version":[{"id":30823,"href":"https:\/\/naila-therapies.ch\/it\/wp-json\/wp\/v2\/pages\/30036\/revisions\/30823"}],"wp:attachment":[{"href":"https:\/\/naila-therapies.ch\/it\/wp-json\/wp\/v2\/media?parent=30036"}],"curies":[{"name":"wp","href":"https:\/\/api.w.org\/{rel}","templated":true}]}}