{"id":30184,"date":"2024-08-09T11:11:42","date_gmt":"2024-08-09T09:11:42","guid":{"rendered":"https:\/\/naila-therapies.ch\/ateliers\/"},"modified":"2025-12-30T09:35:19","modified_gmt":"2025-12-30T08:35:19","slug":"ateliers","status":"publish","type":"page","link":"https:\/\/naila-therapies.ch\/es\/ateliers\/","title":{"rendered":"Workshops"},"content":{"rendered":"<p>[et_pb_section fb_built=\u00bb1&#8243; admin_label=\u00bbHeader\u00bb _builder_version=\u00bb4.27.0&#8243; _module_preset=\u00bbdefault\u00bb use_background_color_gradient=\u00bbon\u00bb background_color_gradient_stops=\u00bbrgba(0,0,0,0.4) 0%|rgba(0,0,0,0.4) 100%\u00bb background_color_gradient_overlays_image=\u00bbon\u00bb background_image=\u00bbhttps:\/\/naila-therapies.ch\/wp-content\/uploads\/2024\/08\/Design-sans-titre-2024-08-19T124302.260.png\u00bb custom_padding=\u00bb64px||64px||true|false\u00bb locked=\u00bboff\u00bb collapsed=\u00bbon\u00bb global_colors_info=\u00bb{}\u00bb][et_pb_row _builder_version=\u00bb4.22.0&#8243; _module_preset=\u00bbdefault\u00bb global_colors_info=\u00bb{}\u00bb][et_pb_column type=\u00bb4_4&#8243; _builder_version=\u00bb4.22.0&#8243; _module_preset=\u00bbdefault\u00bb global_colors_info=\u00bb{}\u00bb][et_pb_text _builder_version=\u00bb4.27.0&#8243; _module_preset=\u00bb_initial\u00bb header_font=\u00bbNoto Serif||||||||\u00bb header_text_color=\u00bb#FFFFFF\u00bb header_font_size=\u00bb62px\u00bb header_line_height=\u00bb1.2em\u00bb animation_style=\u00bbfade\u00bb hover_enabled=\u00bb0&#8243; header_font_size_tablet=\u00bb40px\u00bb header_font_size_phone=\u00bb34px\u00bb header_font_size_last_edited=\u00bbon|desktop\u00bb global_colors_info=\u00bb{}\u00bb sticky_enabled=\u00bb0&#8243;]<\/p>\n<h1 style=\"text-align: center;\"><span>Workshops<\/span><\/h1>\n<p>[\/et_pb_text][\/et_pb_column][\/et_pb_row][\/et_pb_section][et_pb_section fb_built=\u00bb1&#8243; admin_label=\u00bbAbout\u00bb _builder_version=\u00bb4.22.0&#8243; _module_preset=\u00bbdefault\u00bb custom_padding=\u00bb||60px|||\u00bb locked=\u00bboff\u00bb collapsed=\u00bbon\u00bb global_colors_info=\u00bb{}\u00bb][et_pb_row column_structure=\u00bb3_5,2_5&#8243; _builder_version=\u00bb4.27.0&#8243; _module_preset=\u00bbdefault\u00bb max_width=\u00bb1440px\u00bb custom_margin=\u00bb|auto|40px|auto||\u00bb global_colors_info=\u00bb{}\u00bb][et_pb_column type=\u00bb3_5&#8243; _builder_version=\u00bb4.22.0&#8243; _module_preset=\u00bbdefault\u00bb global_colors_info=\u00bb{}\u00bb][et_pb_image src=\u00bbhttps:\/\/naila-therapies.ch\/wp-content\/uploads\/2024\/08\/Design-sans-titre-2024-08-12T233643.219.png\u00bb title_text=\u00bbDesign sans titre &#8211; 2024-08-12T233643.219&#8243; show_bottom_space=\u00bboff\u00bb _builder_version=\u00bb4.27.0&#8243; _module_preset=\u00bbdefault\u00bb width=\u00bb80%\u00bb animation_style=\u00bbfade\u00bb border_radii=\u00bbon|25px|25px|25px|25px\u00bb global_colors_info=\u00bb{}\u00bb][\/et_pb_image][et_pb_image src=\u00bbhttps:\/\/naila-therapies.ch\/wp-content\/uploads\/2024\/08\/Design-sans-titre-2024-08-12T233635.494.png\u00bb title_text=\u00bbDesign sans titre &#8211; 2024-08-12T233635.494&#8243; _builder_version=\u00bb4.27.0&#8243; _module_preset=\u00bbdefault\u00bb transform_translate=\u00bb-56px|0px\u00bb positioning=\u00bbabsolute\u00bb position_origin_a=\u00bbbottom_right\u00bb width=\u00bb40%\u00bb custom_margin=\u00bb||||false|false\u00bb custom_padding=\u00bb||||false|false\u00bb animation_style=\u00bbfade\u00bb border_radii=\u00bbon|25px|25px|25px|25px\u00bb global_colors_info=\u00bb{}\u00bb][\/et_pb_image][\/et_pb_column][et_pb_column type=\u00bb2_5&#8243; _builder_version=\u00bb4.22.0&#8243; _module_preset=\u00bbdefault\u00bb global_colors_info=\u00bb{}\u00bb][et_pb_text _builder_version=\u00bb4.27.0&#8243; _module_preset=\u00bb_initial\u00bb text_font=\u00bbMontserrat|300|||||||\u00bb text_text_color=\u00bb#000000&#8243; text_font_size=\u00bb16px\u00bb text_line_height=\u00bb1.8em\u00bb animation_style=\u00bbfade\u00bb hover_enabled=\u00bb0&#8243; text_font_size_tablet=\u00bb15px\u00bb text_font_size_phone=\u00bb14px\u00bb text_font_size_last_edited=\u00bbon|desktop\u00bb global_colors_info=\u00bb{}\u00bb sticky_enabled=\u00bb0&#8243;]<\/p>\n<p>Nuestros workshops se llevan a cabo en grupos peque\u00f1os de 6 a 8 personas durante 1 o 2 d\u00edas dependiendo de los temas.<\/p>\n<p>Estos workshops est\u00e1n concebidos como un momento para compartir, de intercambio, pero tambi\u00e9n para ejercicios pr\u00e1cticos o reflexivos en un enfoque personal, introspectivo y terap\u00e9utico llevado por la energ\u00eda del grupo.<\/p>\n<p>Durante estos workshops, este trabajo introspectivo tambi\u00e9n se apoyar\u00e1 en diversas herramientas terap\u00e9uticas aplicadas de forma colectiva o individual.<\/p>\n<p>[\/et_pb_text][\/et_pb_column][\/et_pb_row][et_pb_row column_structure=\u00bb1_3,1_3,1_3&#8243; use_custom_gutter=\u00bbon\u00bb gutter_width=\u00bb2&#8243; make_equal=\u00bbon\u00bb custom_padding_last_edited=\u00bbon|desktop\u00bb disabled_on=\u00bbon|on|off\u00bb _builder_version=\u00bb4.27.0&#8243; _module_preset=\u00bbdefault\u00bb max_width=\u00bb1440px\u00bb custom_padding=\u00bb0px||40px||false|false\u00bb custom_padding_tablet=\u00bb||0px||false|false\u00bb custom_padding_phone=\u00bb||0px||false|false\u00bb locked=\u00bboff\u00bb global_colors_info=\u00bb{}\u00bb][et_pb_column type=\u00bb1_3&#8243; _builder_version=\u00bb4.27.0&#8243; _module_preset=\u00bbdefault\u00bb background_enable_color=\u00bboff\u00bb use_background_color_gradient=\u00bbon\u00bb background_color_gradient_stops=\u00bbrgba(0,0,0,0.43) 0%|rgba(0,0,0,0.43) 100%\u00bb background_color_gradient_overlays_image=\u00bbon\u00bb background_image=\u00bbhttps:\/\/naila-therapies.ch\/wp-content\/uploads\/2024\/08\/Design-sans-titre-76.png\u00bb custom_padding=\u00bb80px|60px|80px|60px|true|true\u00bb custom_padding_tablet=\u00bb30px|30px|30px|30px|true|true\u00bb custom_padding_phone=\u00bb20px|20px|20px|20px|true|true\u00bb custom_padding_last_edited=\u00bbon|desktop\u00bb animation_style=\u00bbslide\u00bb animation_direction=\u00bbleft\u00bb border_radii=\u00bbon|25px|25px|25px|25px\u00bb border_color_all=\u00bb#61B594&#8243; border_style_all=\u00bbdashed\u00bb global_colors_info=\u00bb{}\u00bb background__hover_enabled=\u00bbon|hover\u00bb background_color_gradient_stops__hover=\u00bbrgba(0,0,0,0.6) 0%|rgba(0,0,0,0.6) 99%\u00bb use_background_color_gradient__hover=\u00bbon\u00bb][et_pb_text _builder_version=\u00bb4.27.0&#8243; _module_preset=\u00bb_initial\u00bb header_3_font=\u00bbNoto Serif||||||||\u00bb header_3_text_color=\u00bb#FFFFFF\u00bb header_3_font_size=\u00bb25px\u00bb header_3_line_height=\u00bb1.4em\u00bb text_orientation=\u00bbcenter\u00bb custom_margin=\u00bb||10px||false|false\u00bb hover_enabled=\u00bb0&#8243; header_3_font_size_tablet=\u00bb20px\u00bb header_3_font_size_phone=\u00bb16px\u00bb header_3_font_size_last_edited=\u00bbon|desktop\u00bb global_colors_info=\u00bb{}\u00bb sticky_enabled=\u00bb0&#8243;]<\/p>\n<h3>Heridas de la infancia, identif\u00edcalas para sanarlas.<\/h3>\n<p>[\/et_pb_text][et_pb_button button_url=\u00bbhttps:\/\/naila-therapies.ch\/es\/contact\/\u00bb button_text=\u00bbSaber m\u00e1s\u00bb button_alignment=\u00bbcenter\u00bb _builder_version=\u00bb4.27.0&#8243; _module_preset=\u00bb_initial\u00bb custom_button=\u00bbon\u00bb button_text_size=\u00bb14px\u00bb button_text_color=\u00bb#FFFFFF\u00bb button_bg_color=\u00bb#61B594&#8243; button_border_color=\u00bb#61B594&#8243; button_border_radius=\u00bb1px\u00bb button_letter_spacing=\u00bb0.06em\u00bb button_font=\u00bbNoto Serif|600|||||||\u00bb custom_padding=\u00bb12px|24px|12px|24px|true|true\u00bb hover_enabled=\u00bb0&#8243; locked=\u00bboff\u00bb global_colors_info=\u00bb{}\u00bb sticky_enabled=\u00bb0&#8243;][\/et_pb_button][\/et_pb_column][et_pb_column type=\u00bb1_3&#8243; _builder_version=\u00bb4.27.0&#8243; _module_preset=\u00bbdefault\u00bb background_enable_color=\u00bboff\u00bb use_background_color_gradient=\u00bbon\u00bb background_color_gradient_stops=\u00bbrgba(0,0,0,0.43) 0%|rgba(0,0,0,0.43) 100%\u00bb background_color_gradient_overlays_image=\u00bbon\u00bb background_image=\u00bbhttps:\/\/naila-therapies.ch\/wp-content\/uploads\/2024\/08\/Design-sans-titre-75.png\u00bb custom_padding=\u00bb80px|60px|80px|60px|true|true\u00bb custom_padding_tablet=\u00bb30px|30px|30px|30px|true|true\u00bb custom_padding_phone=\u00bb20px|20px|20px|20px|true|true\u00bb custom_padding_last_edited=\u00bbon|desktop\u00bb animation_style=\u00bbslide\u00bb border_radii=\u00bbon|25px|25px|25px|25px\u00bb border_color_all=\u00bb#61B594&#8243; border_style_all=\u00bbdashed\u00bb global_colors_info=\u00bb{}\u00bb background__hover_enabled=\u00bbon|hover\u00bb background_color_gradient_stops__hover=\u00bbrgba(0,0,0,0.6) 0%|rgba(0,0,0,0.6) 99%\u00bb use_background_color_gradient__hover=\u00bbon\u00bb][et_pb_text _builder_version=\u00bb4.27.0&#8243; _module_preset=\u00bb_initial\u00bb header_3_font=\u00bbNoto Serif||||||||\u00bb header_3_text_color=\u00bb#FFFFFF\u00bb header_3_font_size=\u00bb25px\u00bb header_3_line_height=\u00bb1.4em\u00bb text_orientation=\u00bbcenter\u00bb custom_margin=\u00bb||10px||false|false\u00bb hover_enabled=\u00bb0&#8243; header_3_font_size_tablet=\u00bb20px\u00bb header_3_font_size_phone=\u00bb16px\u00bb header_3_font_size_last_edited=\u00bbon|desktop\u00bb global_colors_info=\u00bb{}\u00bb sticky_enabled=\u00bb0&#8243;]<\/p>\n<h3><span>Ikigai, filosof\u00eda de vida japonesa.<\/span><\/h3>\n<p>[\/et_pb_text][et_pb_button button_url=\u00bbhttps:\/\/naila-therapies.ch\/es\/contact\/\u00bb button_text=\u00bbSaber m\u00e1s\u00bb button_alignment=\u00bbcenter\u00bb _builder_version=\u00bb4.27.0&#8243; _module_preset=\u00bb_initial\u00bb custom_button=\u00bbon\u00bb button_text_size=\u00bb14px\u00bb button_text_color=\u00bb#FFFFFF\u00bb button_bg_color=\u00bb#61B594&#8243; button_border_color=\u00bb#61B594&#8243; button_border_radius=\u00bb1px\u00bb button_letter_spacing=\u00bb0.06em\u00bb button_font=\u00bbNoto Serif|600|||||||\u00bb custom_padding=\u00bb12px|24px|12px|24px|true|true\u00bb hover_enabled=\u00bb0&#8243; locked=\u00bboff\u00bb global_colors_info=\u00bb{}\u00bb sticky_enabled=\u00bb0&#8243;][\/et_pb_button][\/et_pb_column][et_pb_column type=\u00bb1_3&#8243; _builder_version=\u00bb4.27.0&#8243; _module_preset=\u00bbdefault\u00bb background_enable_color=\u00bboff\u00bb use_background_color_gradient=\u00bbon\u00bb background_color_gradient_stops=\u00bbrgba(0,0,0,0.43) 0%|rgba(0,0,0,0.43) 100%\u00bb background_color_gradient_overlays_image=\u00bbon\u00bb background_image=\u00bbhttps:\/\/naila-therapies.ch\/wp-content\/uploads\/2024\/08\/Depositphotos_682658154_L.jpg\u00bb custom_padding=\u00bb80px|60px|80px|60px|true|true\u00bb custom_padding_tablet=\u00bb30px|30px|30px|30px|true|true\u00bb custom_padding_phone=\u00bb20px|20px|20px|20px|true|true\u00bb custom_padding_last_edited=\u00bbon|desktop\u00bb animation_style=\u00bbslide\u00bb animation_direction=\u00bbright\u00bb border_radii=\u00bbon|25px|25px|25px|25px\u00bb border_color_all=\u00bb#61B594&#8243; border_style_all=\u00bbdashed\u00bb global_colors_info=\u00bb{}\u00bb background__hover_enabled=\u00bbon|hover\u00bb background_color_gradient_stops__hover=\u00bbrgba(0,0,0,0.6) 0%|rgba(0,0,0,0.6) 99%\u00bb use_background_color_gradient__hover=\u00bbon\u00bb][et_pb_text _builder_version=\u00bb4.27.0&#8243; _module_preset=\u00bb_initial\u00bb header_3_font=\u00bbNoto Serif||||||||\u00bb header_3_text_color=\u00bb#FFFFFF\u00bb header_3_font_size=\u00bb25px\u00bb header_3_line_height=\u00bb1.4em\u00bb text_orientation=\u00bbcenter\u00bb custom_margin=\u00bb||10px||false|false\u00bb hover_enabled=\u00bb0&#8243; header_3_font_size_tablet=\u00bb20px\u00bb header_3_font_size_phone=\u00bb16px\u00bb header_3_font_size_last_edited=\u00bbon|desktop\u00bb global_colors_info=\u00bb{}\u00bb sticky_enabled=\u00bb0&#8243;]<\/p>\n<h3>Reconectar con lo Femenino dentro de s\u00ed mismo.<\/h3>\n<p>[\/et_pb_text][et_pb_button button_url=\u00bbhttps:\/\/naila-therapies.ch\/es\/contact\/\u00bb button_text=\u00bbSaber m\u00e1s\u00bb button_alignment=\u00bbcenter\u00bb _builder_version=\u00bb4.27.0&#8243; _module_preset=\u00bb_initial\u00bb custom_button=\u00bbon\u00bb button_text_size=\u00bb14px\u00bb button_text_color=\u00bb#FFFFFF\u00bb button_bg_color=\u00bb#61B594&#8243; button_border_color=\u00bb#61B594&#8243; button_border_radius=\u00bb1px\u00bb button_letter_spacing=\u00bb0.06em\u00bb button_font=\u00bbNoto Serif|600|||||||\u00bb custom_padding=\u00bb12px|24px|12px|24px|true|true\u00bb hover_enabled=\u00bb0&#8243; locked=\u00bboff\u00bb global_colors_info=\u00bb{}\u00bb sticky_enabled=\u00bb0&#8243;][\/et_pb_button][\/et_pb_column][\/et_pb_row][et_pb_row use_custom_gutter=\u00bbon\u00bb gutter_width=\u00bb2&#8243; make_equal=\u00bbon\u00bb custom_padding_last_edited=\u00bbon|desktop\u00bb disabled_on=\u00bboff|off|on\u00bb _builder_version=\u00bb4.27.0&#8243; _module_preset=\u00bbdefault\u00bb custom_margin=\u00bb||||false|false\u00bb custom_padding=\u00bb0px||40px||false|false\u00bb custom_padding_tablet=\u00bb||0px||false|false\u00bb custom_padding_phone=\u00bb||20px||false|false\u00bb animation_style=\u00bbfade\u00bb locked=\u00bboff\u00bb global_colors_info=\u00bb{}\u00bb][et_pb_column type=\u00bb4_4&#8243; _builder_version=\u00bb4.27.0&#8243; _module_preset=\u00bbdefault\u00bb background_enable_color=\u00bboff\u00bb use_background_color_gradient=\u00bbon\u00bb background_color_gradient_stops=\u00bbrgba(0,0,0,0.43) 0%|rgba(0,0,0,0.43) 100%\u00bb background_color_gradient_overlays_image=\u00bbon\u00bb background_image=\u00bbhttps:\/\/naila-therapies.ch\/wp-content\/uploads\/2024\/08\/Design-sans-titre-76.png\u00bb custom_padding=\u00bb80px|60px|80px|60px|true|true\u00bb custom_padding_tablet=\u00bb30px|30px|30px|30px|true|true\u00bb custom_padding_phone=\u00bb20px|20px|20px|20px|true|true\u00bb custom_padding_last_edited=\u00bbon|desktop\u00bb border_radii=\u00bbon|25px|25px|25px|25px\u00bb border_color_all=\u00bb#61B594&#8243; border_style_all=\u00bbdashed\u00bb global_colors_info=\u00bb{}\u00bb background__hover_enabled=\u00bbon|hover\u00bb background_color_gradient_stops__hover=\u00bbrgba(0,0,0,0.6) 0%|rgba(0,0,0,0.6) 99%\u00bb use_background_color_gradient__hover=\u00bbon\u00bb][et_pb_text _builder_version=\u00bb4.27.0&#8243; _module_preset=\u00bb_initial\u00bb header_3_font=\u00bbNoto Serif||||||||\u00bb header_3_text_color=\u00bb#FFFFFF\u00bb header_3_font_size=\u00bb25px\u00bb header_3_line_height=\u00bb1.4em\u00bb text_orientation=\u00bbcenter\u00bb custom_margin=\u00bb||10px||false|false\u00bb hover_enabled=\u00bb0&#8243; header_3_font_size_tablet=\u00bb20px\u00bb header_3_font_size_phone=\u00bb16px\u00bb header_3_font_size_last_edited=\u00bbon|desktop\u00bb global_colors_info=\u00bb{}\u00bb sticky_enabled=\u00bb0&#8243;]<\/p>\n<h3>Heridas de la infancia, identif\u00edcalas para sanarlas.<\/h3>\n<p>[\/et_pb_text][et_pb_button button_url=\u00bbhttps:\/\/naila-therapies.ch\/es\/contact\/\u00bb button_text=\u00bbSaber m\u00e1s\u00bb button_alignment=\u00bbcenter\u00bb _builder_version=\u00bb4.27.0&#8243; _module_preset=\u00bb_initial\u00bb custom_button=\u00bbon\u00bb button_text_size=\u00bb14px\u00bb button_text_color=\u00bb#FFFFFF\u00bb button_bg_color=\u00bb#61B594&#8243; button_border_color=\u00bb#61B594&#8243; button_border_radius=\u00bb1px\u00bb button_letter_spacing=\u00bb0.06em\u00bb button_font=\u00bbNoto Serif|600|||||||\u00bb custom_padding=\u00bb12px|24px|12px|24px|true|true\u00bb hover_enabled=\u00bb0&#8243; locked=\u00bboff\u00bb global_colors_info=\u00bb{}\u00bb sticky_enabled=\u00bb0&#8243;][\/et_pb_button][\/et_pb_column][\/et_pb_row][et_pb_row use_custom_gutter=\u00bbon\u00bb gutter_width=\u00bb2&#8243; make_equal=\u00bbon\u00bb custom_padding_last_edited=\u00bbon|desktop\u00bb disabled_on=\u00bboff|off|on\u00bb _builder_version=\u00bb4.27.0&#8243; _module_preset=\u00bbdefault\u00bb custom_margin=\u00bb||||false|false\u00bb custom_padding=\u00bb0px||40px||false|false\u00bb custom_padding_tablet=\u00bb||0px||false|false\u00bb custom_padding_phone=\u00bb||20px||false|false\u00bb animation_style=\u00bbfade\u00bb locked=\u00bboff\u00bb global_colors_info=\u00bb{}\u00bb][et_pb_column type=\u00bb4_4&#8243; _builder_version=\u00bb4.27.0&#8243; _module_preset=\u00bbdefault\u00bb background_enable_color=\u00bboff\u00bb use_background_color_gradient=\u00bbon\u00bb background_color_gradient_stops=\u00bbrgba(0,0,0,0.43) 0%|rgba(0,0,0,0.43) 100%\u00bb background_color_gradient_overlays_image=\u00bbon\u00bb background_image=\u00bbhttps:\/\/naila-therapies.ch\/wp-content\/uploads\/2024\/08\/Design-sans-titre-75.png\u00bb custom_padding=\u00bb80px|60px|80px|60px|true|true\u00bb custom_padding_tablet=\u00bb30px|30px|30px|30px|true|true\u00bb custom_padding_phone=\u00bb20px|20px|20px|20px|true|true\u00bb custom_padding_last_edited=\u00bbon|desktop\u00bb border_radii=\u00bbon|25px|25px|25px|25px\u00bb border_color_all=\u00bb#61B594&#8243; border_style_all=\u00bbdashed\u00bb global_colors_info=\u00bb{}\u00bb background__hover_enabled=\u00bbon|hover\u00bb background_color_gradient_stops__hover=\u00bbrgba(0,0,0,0.6) 0%|rgba(0,0,0,0.6) 99%\u00bb use_background_color_gradient__hover=\u00bbon\u00bb][et_pb_text _builder_version=\u00bb4.27.0&#8243; _module_preset=\u00bb_initial\u00bb header_3_font=\u00bbNoto Serif||||||||\u00bb header_3_text_color=\u00bb#FFFFFF\u00bb header_3_font_size=\u00bb25px\u00bb header_3_line_height=\u00bb1.4em\u00bb text_orientation=\u00bbcenter\u00bb custom_margin=\u00bb||10px||false|false\u00bb hover_enabled=\u00bb0&#8243; header_3_font_size_tablet=\u00bb20px\u00bb header_3_font_size_phone=\u00bb16px\u00bb header_3_font_size_last_edited=\u00bbon|desktop\u00bb global_colors_info=\u00bb{}\u00bb sticky_enabled=\u00bb0&#8243;]<\/p>\n<h3><span>Ikigai, filosof\u00eda de vida japonesa.<\/span><\/h3>\n<p>[\/et_pb_text][et_pb_button button_url=\u00bbhttps:\/\/naila-therapies.ch\/es\/contact\/\u00bb button_text=\u00bbSaber m\u00e1s\u00bb button_alignment=\u00bbcenter\u00bb _builder_version=\u00bb4.27.0&#8243; _module_preset=\u00bb_initial\u00bb custom_button=\u00bbon\u00bb button_text_size=\u00bb14px\u00bb button_text_color=\u00bb#FFFFFF\u00bb button_bg_color=\u00bb#61B594&#8243; button_border_color=\u00bb#61B594&#8243; button_border_radius=\u00bb1px\u00bb button_letter_spacing=\u00bb0.06em\u00bb button_font=\u00bbNoto Serif|600|||||||\u00bb custom_padding=\u00bb12px|24px|12px|24px|true|true\u00bb hover_enabled=\u00bb0&#8243; locked=\u00bboff\u00bb global_colors_info=\u00bb{}\u00bb sticky_enabled=\u00bb0&#8243;][\/et_pb_button][\/et_pb_column][\/et_pb_row][et_pb_row use_custom_gutter=\u00bbon\u00bb gutter_width=\u00bb2&#8243; make_equal=\u00bbon\u00bb custom_padding_last_edited=\u00bbon|desktop\u00bb disabled_on=\u00bboff|off|on\u00bb _builder_version=\u00bb4.27.0&#8243; _module_preset=\u00bbdefault\u00bb custom_margin=\u00bb||||false|false\u00bb custom_padding=\u00bb0px||40px||false|false\u00bb custom_padding_tablet=\u00bb||0px||false|false\u00bb custom_padding_phone=\u00bb||20px||false|false\u00bb animation_style=\u00bbfade\u00bb locked=\u00bboff\u00bb global_colors_info=\u00bb{}\u00bb][et_pb_column type=\u00bb4_4&#8243; _builder_version=\u00bb4.27.0&#8243; _module_preset=\u00bbdefault\u00bb background_enable_color=\u00bboff\u00bb use_background_color_gradient=\u00bbon\u00bb background_color_gradient_stops=\u00bbrgba(0,0,0,0.43) 0%|rgba(0,0,0,0.43) 100%\u00bb background_color_gradient_overlays_image=\u00bbon\u00bb background_image=\u00bbhttps:\/\/naila-therapies.ch\/wp-content\/uploads\/2024\/08\/Depositphotos_683144204_L.jpg\u00bb custom_padding=\u00bb80px|60px|80px|60px|true|true\u00bb custom_padding_tablet=\u00bb30px|30px|30px|30px|true|true\u00bb custom_padding_phone=\u00bb20px|20px|20px|20px|true|true\u00bb custom_padding_last_edited=\u00bbon|desktop\u00bb border_radii=\u00bbon|25px|25px|25px|25px\u00bb border_color_all=\u00bb#61B594&#8243; border_style_all=\u00bbdashed\u00bb global_colors_info=\u00bb{}\u00bb background__hover_enabled=\u00bbon|hover\u00bb background_color_gradient_stops__hover=\u00bbrgba(0,0,0,0.6) 0%|rgba(0,0,0,0.6) 99%\u00bb use_background_color_gradient__hover=\u00bbon\u00bb][et_pb_text _builder_version=\u00bb4.27.0&#8243; _module_preset=\u00bb_initial\u00bb header_3_font=\u00bbNoto Serif||||||||\u00bb header_3_text_color=\u00bb#FFFFFF\u00bb header_3_font_size=\u00bb25px\u00bb header_3_line_height=\u00bb1.4em\u00bb text_orientation=\u00bbcenter\u00bb custom_margin=\u00bb||10px||false|false\u00bb hover_enabled=\u00bb0&#8243; header_3_font_size_tablet=\u00bb20px\u00bb header_3_font_size_phone=\u00bb16px\u00bb header_3_font_size_last_edited=\u00bbon|desktop\u00bb global_colors_info=\u00bb{}\u00bb sticky_enabled=\u00bb0&#8243;]<\/p>\n<h3>Reconectar con lo Femenino dentro de s\u00ed mismo.<\/h3>\n<p>[\/et_pb_text][et_pb_button button_url=\u00bbhttps:\/\/naila-therapies.ch\/es\/contact\/\u00bb button_text=\u00bbSaber m\u00e1s\u00bb button_alignment=\u00bbcenter\u00bb _builder_version=\u00bb4.27.0&#8243; _module_preset=\u00bb_initial\u00bb custom_button=\u00bbon\u00bb button_text_size=\u00bb14px\u00bb button_text_color=\u00bb#FFFFFF\u00bb button_bg_color=\u00bb#61B594&#8243; button_border_color=\u00bb#61B594&#8243; button_border_radius=\u00bb1px\u00bb button_letter_spacing=\u00bb0.06em\u00bb button_font=\u00bbNoto Serif|600|||||||\u00bb custom_padding=\u00bb12px|24px|12px|24px|true|true\u00bb hover_enabled=\u00bb0&#8243; locked=\u00bboff\u00bb global_colors_info=\u00bb{}\u00bb sticky_enabled=\u00bb0&#8243;][\/et_pb_button][\/et_pb_column][\/et_pb_row][\/et_pb_section]<\/p>\n","protected":false},"excerpt":{"rendered":"<p>WorkshopsNuestros workshops se llevan a cabo en grupos peque\u00f1os de 6 a 8 personas durante 1 o 2 d\u00edas dependiendo de los temas. Estos workshops est\u00e1n concebidos como un momento para compartir, de intercambio, pero tambi\u00e9n para ejercicios pr\u00e1cticos o reflexivos en un enfoque personal, introspectivo y terap\u00e9utico llevado por la energ\u00eda del grupo. Durante [&hellip;]<\/p>\n","protected":false},"author":1,"featured_media":0,"parent":0,"menu_order":0,"comment_status":"closed","ping_status":"closed","template":"","meta":{"_et_pb_use_builder":"on","_et_pb_old_content":"<!-- wp:divi\/placeholder \/-->","_et_gb_content_width":"","footnotes":""},"class_list":["post-30184","page","type-page","status-publish","hentry"],"_links":{"self":[{"href":"https:\/\/naila-therapies.ch\/es\/wp-json\/wp\/v2\/pages\/30184","targetHints":{"allow":["GET"]}}],"collection":[{"href":"https:\/\/naila-therapies.ch\/es\/wp-json\/wp\/v2\/pages"}],"about":[{"href":"https:\/\/naila-therapies.ch\/es\/wp-json\/wp\/v2\/types\/page"}],"author":[{"embeddable":true,"href":"https:\/\/naila-therapies.ch\/es\/wp-json\/wp\/v2\/users\/1"}],"replies":[{"embeddable":true,"href":"https:\/\/naila-therapies.ch\/es\/wp-json\/wp\/v2\/comments?post=30184"}],"version-history":[{"count":8,"href":"https:\/\/naila-therapies.ch\/es\/wp-json\/wp\/v2\/pages\/30184\/revisions"}],"predecessor-version":[{"id":30605,"href":"https:\/\/naila-therapies.ch\/es\/wp-json\/wp\/v2\/pages\/30184\/revisions\/30605"}],"wp:attachment":[{"href":"https:\/\/naila-therapies.ch\/es\/wp-json\/wp\/v2\/media?parent=30184"}],"curies":[{"name":"wp","href":"https:\/\/api.w.org\/{rel}","templated":true}]}}