{"id":30135,"date":"2024-09-23T14:25:45","date_gmt":"2024-09-23T12:25:45","guid":{"rendered":"https:\/\/naila-therapies.ch\/enfants-et-adolescents\/"},"modified":"2025-12-31T17:57:51","modified_gmt":"2025-12-31T16:57:51","slug":"enfants-et-adolescents","status":"publish","type":"page","link":"https:\/\/naila-therapies.ch\/es\/enfants-et-adolescents\/","title":{"rendered":"Ni\u00f1os y adolescentes"},"content":{"rendered":"<p>[et_pb_section fb_built=\u00bb1&#8243; admin_label=\u00bbHeader\u00bb _builder_version=\u00bb4.27.0&#8243; _module_preset=\u00bbdefault\u00bb use_background_color_gradient=\u00bbon\u00bb background_color_gradient_stops=\u00bbrgba(0,0,0,0.4) 0%|rgba(0,0,0,0.4) 100%\u00bb background_color_gradient_overlays_image=\u00bbon\u00bb background_image=\u00bbhttps:\/\/naila-therapies.ch\/wp-content\/uploads\/2024\/09\/Depositphotos_308818062_L.jpg\u00bb custom_padding=\u00bb64px||64px||true|false\u00bb locked=\u00bboff\u00bb collapsed=\u00bbon\u00bb global_colors_info=\u00bb{}\u00bb][et_pb_row _builder_version=\u00bb4.22.0&#8243; _module_preset=\u00bbdefault\u00bb global_colors_info=\u00bb{}\u00bb][et_pb_column type=\u00bb4_4&#8243; _builder_version=\u00bb4.22.0&#8243; _module_preset=\u00bbdefault\u00bb global_colors_info=\u00bb{}\u00bb][et_pb_text _builder_version=\u00bb4.27.0&#8243; _module_preset=\u00bb_initial\u00bb header_font=\u00bbNoto Serif||||||||\u00bb header_text_color=\u00bb#FFFFFF\u00bb header_font_size=\u00bb62px\u00bb header_line_height=\u00bb1.2em\u00bb custom_margin=\u00bb||27px|||\u00bb animation_style=\u00bbfade\u00bb header_font_size_tablet=\u00bb40px\u00bb header_font_size_phone=\u00bb34px\u00bb header_font_size_last_edited=\u00bbon|desktop\u00bb global_colors_info=\u00bb{}\u00bb]<\/p>\n<h1 style=\"text-align: center;\">Ni\u00f1os y adolescentes<\/h1>\n<p>[\/et_pb_text][\/et_pb_column][\/et_pb_row][\/et_pb_section][et_pb_section fb_built=\u00bb1&#8243; disabled_on=\u00bboff|off|off\u00bb admin_label=\u00bbProducts\u00bb _builder_version=\u00bb4.27.0&#8243; _module_preset=\u00bbdefault\u00bb background_color=\u00bb#f9f9f9&#8243; locked=\u00bboff\u00bb collapsed=\u00bboff\u00bb global_colors_info=\u00bb{}\u00bb][et_pb_row column_structure=\u00bb2_3,1_3&#8243; _builder_version=\u00bb4.27.0&#8243; _module_preset=\u00bbdefault\u00bb max_width=\u00bb1440px\u00bb global_colors_info=\u00bb{}\u00bb][et_pb_column type=\u00bb2_3&#8243; _builder_version=\u00bb4.27.0&#8243; _module_preset=\u00bbdefault\u00bb global_colors_info=\u00bb{}\u00bb background__hover_enabled=\u00bbon|hover\u00bb][et_pb_image src=\u00bbhttps:\/\/naila-therapies.ch\/wp-content\/uploads\/2024\/09\/Enfant-2.jpg\u00bb title_text=\u00bbEnfant 2&#8243; align=\u00bbcenter\u00bb force_fullwidth=\u00bbon\u00bb _builder_version=\u00bb4.27.0&#8243; _module_preset=\u00bbdefault\u00bb animation_style=\u00bbfade\u00bb border_radii=\u00bbon|25px|25px|25px|25px\u00bb global_colors_info=\u00bb{}\u00bb][\/et_pb_image][et_pb_text _builder_version=\u00bb4.27.0&#8243; _module_preset=\u00bb_initial\u00bb text_font=\u00bbMontserrat|300|||||||\u00bb text_text_color=\u00bb#000000&#8243; text_font_size=\u00bb16px\u00bb header_2_font=\u00bbNoto Serif||||||||\u00bb header_2_text_color=\u00bb#000000&#8243; header_2_font_size=\u00bb30px\u00bb header_2_line_height=\u00bb1.4em\u00bb background_color=\u00bbRGBA(255,255,255,0)\u00bb custom_margin=\u00bb||||true|false\u00bb custom_padding=\u00bb20px|20px|20px|20px|true|true\u00bb animation_style=\u00bbfade\u00bb header_2_font_size_tablet=\u00bb32px\u00bb header_2_font_size_phone=\u00bb20px\u00bb header_2_font_size_last_edited=\u00bbon|desktop\u00bb border_radii=\u00bbon|25px|25px|25px|25px\u00bb border_width_all=\u00bb2px\u00bb border_color_all=\u00bb#61B594&#8243; border_style_all=\u00bbdashed\u00bb locked=\u00bboff\u00bb global_colors_info=\u00bb{}\u00bb]<\/p>\n<p>\u00bfQu\u00e9 padre no se ha encontrado alguna vez desamparado o perdido ante el comportamiento de su hijo\/adolescente? \u00bfQu\u00e9 padre puede decir honestamente que siempre ha sido capaz de dar la respuesta correcta al mal ser o a las necesidades de su hijo\/adolescente?<\/p>\n<p>Yo misma soy madre, y aunque tambi\u00e9n soy terapeuta, me he encontrado con momentos en los que he dudado de mi capacidad para darle a mi hijo lo que necesitaba, en los que he dudado en acompa\u00f1arle eficazmente en la vida y en la construcci\u00f3n de s\u00ed mismo.<\/p>\n<p>[\/et_pb_text][et_pb_text _builder_version=\u00bb4.27.0&#8243; _module_preset=\u00bb_initial\u00bb text_font=\u00bbMontserrat|300|||||||\u00bb text_text_color=\u00bb#000000&#8243; text_font_size=\u00bb16px\u00bb header_2_font=\u00bbNoto Serif||||||||\u00bb header_2_text_color=\u00bb#000000&#8243; header_2_font_size=\u00bb30px\u00bb header_2_line_height=\u00bb1.4em\u00bb background_color=\u00bbRGBA(255,255,255,0)\u00bb custom_margin=\u00bb||||true|false\u00bb custom_padding=\u00bb20px|20px|20px|20px|true|true\u00bb animation_style=\u00bbfade\u00bb header_2_font_size_tablet=\u00bb32px\u00bb header_2_font_size_phone=\u00bb20px\u00bb header_2_font_size_last_edited=\u00bbon|desktop\u00bb border_radii=\u00bbon|25px|25px|25px|25px\u00bb border_width_all=\u00bb2px\u00bb border_color_all=\u00bb#61B594&#8243; border_style_all=\u00bbdashed\u00bb locked=\u00bboff\u00bb global_colors_info=\u00bb{}\u00bb]<\/p>\n<p>Los ni\u00f1os y adolescentes de hoy ya no son los ni\u00f1os y adolescentes que alguna vez fuimos. Se enfrentan a situaciones muy diferentes y nuevas, con mucha m\u00e1s presi\u00f3n, con una intensidad y frecuencia que supera lo que nosotros mismos hemos vivido a su edad. Familias disgregadas o reconstituidas, presi\u00f3n acad\u00e9mica cada vez mayor en clases cada vez m\u00e1s grandes, interacciones sociales virtuales en lugar de reales, acoso y violencia, acceso a contenido nocivo. Esto es solo un peque\u00f1o vistazo de la realidad de los ni\u00f1os\/adolescentes de hoy.<\/p>\n<p>Hoy en d\u00eda, ya casi no se les permite ser ni\u00f1os o adolescentes. Se les pide cada vez m\u00e1s temprano que sean maduros, seguros y valientes, capaces de gestionar sus emociones en cualquier situaci\u00f3n, que sepan \u201csoltar\u201d. En una sociedad cada vez m\u00e1s exigente con el individuo, existe la preocupaci\u00f3n, leg\u00edtimamente por supuesto, de que se vean superados o incluso marginados.<\/p>\n<p>Males y conductas inadecuadas o preocupantes emergen entonces en el ni\u00f1o\/adolescente en respuesta a esta realidad suya. Problemas de sue\u00f1o, ansiedad, miedos y fobias, emociones a flor de piel, falta de confianza, trastornos alimentarios, dificultad para concentrarse, agresividad, aislamiento, abandono escolar y muchos otros.<\/p>\n<p>[\/et_pb_text][et_pb_image src=\u00bbhttps:\/\/naila-therapies.ch\/wp-content\/uploads\/2024\/09\/Enfant-3.jpg\u00bb title_text=\u00bbEnfant 3&#8243; force_fullwidth=\u00bbon\u00bb _builder_version=\u00bb4.27.0&#8243; _module_preset=\u00bbdefault\u00bb animation_style=\u00bbfade\u00bb border_radii=\u00bbon|25px|25px|25px|25px\u00bb global_colors_info=\u00bb{}\u00bb][\/et_pb_image][et_pb_text _builder_version=\u00bb4.27.0&#8243; _module_preset=\u00bb_initial\u00bb text_font=\u00bbMontserrat|300|||||||\u00bb text_text_color=\u00bb#000000&#8243; text_font_size=\u00bb16px\u00bb header_2_font=\u00bbNoto Serif||||||||\u00bb header_2_text_color=\u00bb#000000&#8243; header_2_font_size=\u00bb30px\u00bb header_2_line_height=\u00bb1.4em\u00bb background_color=\u00bbRGBA(255,255,255,0)\u00bb custom_margin=\u00bb||||true|false\u00bb custom_padding=\u00bb20px|20px|20px|20px|true|true\u00bb animation_style=\u00bbfade\u00bb header_2_font_size_tablet=\u00bb32px\u00bb header_2_font_size_phone=\u00bb20px\u00bb header_2_font_size_last_edited=\u00bbon|desktop\u00bb border_radii=\u00bbon|25px|25px|25px|25px\u00bb border_width_all=\u00bb2px\u00bb border_color_all=\u00bb#61B594&#8243; border_style_all=\u00bbdashed\u00bb locked=\u00bboff\u00bb global_colors_info=\u00bb{}\u00bb]<\/p>\n<p>Gracias a las siguientes herramientas terap\u00e9uticas, es posible dotar al ni\u00f1o\/adolescente en dificultad de todos los recursos que necesita para hacer frente a lo que est\u00e1 viviendo hoy, pero tambi\u00e9n a lo que vivir\u00e1 ma\u00f1ana:<\/p>\n<p>\u2022 Goulding Method\u00ae para ni\u00f1os de 1 a 12 a\u00f1os<br \/>\u2022 Hipnosis terap\u00e9utica para ni\u00f1os a partir de los 6 a\u00f1os y adolescentes<br \/>\u2022 T\u00e9cnicas de Liberaci\u00f3n Emocional para ni\u00f1os y adolescentes a partir de 7 a\u00f1os<\/p>\n<p>Acojo a los ni\u00f1os y adolescentes en un ambiente acogedor y tranquilizador en el que puedan sentirse escuchados y apoyados, sea cual sea la dificultad a la que se enfrenten.<\/p>\n<p>[\/et_pb_text][\/et_pb_column][et_pb_column type=\u00bb1_3&#8243; _builder_version=\u00bb4.27.0&#8243; _module_preset=\u00bbdefault\u00bb global_colors_info=\u00bb{}\u00bb][et_pb_text _builder_version=\u00bb4.27.0&#8243; _module_preset=\u00bbdefault\u00bb text_font=\u00bbMontserrat|300|||||||\u00bb text_text_color=\u00bb#000000&#8243; text_font_size=\u00bb16px\u00bb header_2_font=\u00bbNoto Serif||||||||\u00bb header_2_text_color=\u00bb#000000&#8243; header_2_font_size=\u00bb30px\u00bb header_2_line_height=\u00bb1.4em\u00bb background_color=\u00bbRGBA(255,255,255,0)\u00bb custom_margin=\u00bb||||true|false\u00bb custom_padding=\u00bb20px|20px|20px|20px|true|true\u00bb animation_style=\u00bbfade\u00bb sticky_position=\u00bbtop\u00bb sticky_limit_bottom=\u00bbsection\u00bb hover_enabled=\u00bb0&#8243; header_2_font_size_tablet=\u00bb32px\u00bb header_2_font_size_phone=\u00bb20px\u00bb header_2_font_size_last_edited=\u00bbon|desktop\u00bb border_radii=\u00bbon|25px|25px|25px|25px\u00bb border_width_all=\u00bb2px\u00bb border_color_all=\u00bb#61B594&#8243; border_style_all=\u00bbdashed\u00bb locked=\u00bboff\u00bb global_colors_info=\u00bb{}\u00bb sticky_enabled=\u00bb0&#8243;]<\/p>\n<p><strong>Tarifas<\/strong><\/p>\n<p><strong>Goulding Method<\/strong><\/p>\n<p>Paquete:<br \/>3 citas y 3 llamadas telef\u00f3nicas : <strong><span style=\"color: #61b594;\">CHF 450<\/span><\/strong><\/p>\n<p><strong>Hipnosis terap\u00e9utica<\/strong><\/p>\n<p>Sesi\u00f3n individual:<br \/>Ni\u00f1os &lt; 12 a\u00f1os : <strong><span style=\"color: #61b594;\">CHF 100<\/span><\/strong><br \/>Ni\u00f1os &gt; 12 a\u00f1os : <strong><span style=\"color: #61b594;\">CHF 130<\/span><\/strong><\/p>\n<p>Paquete:<br \/>Ni\u00f1os &lt; 12 a\u00f1os (6 s\u00e9ances) : <strong><span style=\"color: #61b594;\">CHF 540<\/span><\/strong><br \/>Ni\u00f1os &gt; 12 a\u00f1os (6 s\u00e9ances) : <strong><span style=\"color: #61b594;\">CHF 660<\/span><\/strong><\/p>\n<p><strong>EFT<\/strong><\/p>\n<p>Sesi\u00f3n individual:<br \/>Ni\u00f1os &lt; 12 a\u00f1os : <strong><span style=\"color: #61b594;\">CHF 100<\/span><\/strong><br \/>Ni\u00f1os &gt; 12 a\u00f1os : <strong><span style=\"color: #61b594;\">CHF 130<\/span><\/strong><\/p>\n<p>Paquete:<br \/>Ni\u00f1os &lt; 12 a\u00f1os (4 s\u00e9ances) : <strong><span style=\"color: #61b594;\">CHF 360<\/span><\/strong><br \/>Ni\u00f1os &gt; 12 a\u00f1os (4 s\u00e9ances) : <strong><span style=\"color: #61b594;\">CHF 440<\/span><\/strong><\/p>\n<p>[\/et_pb_text][\/et_pb_column][\/et_pb_row][\/et_pb_section]<\/p>\n","protected":false},"excerpt":{"rendered":"<p>Ni\u00f1os y adolescentes\u00bfQu\u00e9 padre no se ha encontrado alguna vez desamparado o perdido ante el comportamiento de su hijo\/adolescente? \u00bfQu\u00e9 padre puede decir honestamente que siempre ha sido capaz de dar la respuesta correcta al mal ser o a las necesidades de su hijo\/adolescente? Yo misma soy madre, y aunque tambi\u00e9n soy terapeuta, me he [&hellip;]<\/p>\n","protected":false},"author":1,"featured_media":0,"parent":0,"menu_order":0,"comment_status":"closed","ping_status":"closed","template":"","meta":{"_et_pb_use_builder":"on","_et_pb_old_content":"","_et_gb_content_width":"","footnotes":""},"class_list":["post-30135","page","type-page","status-publish","hentry"],"_links":{"self":[{"href":"https:\/\/naila-therapies.ch\/es\/wp-json\/wp\/v2\/pages\/30135","targetHints":{"allow":["GET"]}}],"collection":[{"href":"https:\/\/naila-therapies.ch\/es\/wp-json\/wp\/v2\/pages"}],"about":[{"href":"https:\/\/naila-therapies.ch\/es\/wp-json\/wp\/v2\/types\/page"}],"author":[{"embeddable":true,"href":"https:\/\/naila-therapies.ch\/es\/wp-json\/wp\/v2\/users\/1"}],"replies":[{"embeddable":true,"href":"https:\/\/naila-therapies.ch\/es\/wp-json\/wp\/v2\/comments?post=30135"}],"version-history":[{"count":5,"href":"https:\/\/naila-therapies.ch\/es\/wp-json\/wp\/v2\/pages\/30135\/revisions"}],"predecessor-version":[{"id":30674,"href":"https:\/\/naila-therapies.ch\/es\/wp-json\/wp\/v2\/pages\/30135\/revisions\/30674"}],"wp:attachment":[{"href":"https:\/\/naila-therapies.ch\/es\/wp-json\/wp\/v2\/media?parent=30135"}],"curies":[{"name":"wp","href":"https:\/\/api.w.org\/{rel}","templated":true}]}}