{"id":30070,"date":"2024-08-09T11:10:06","date_gmt":"2024-08-09T09:10:06","guid":{"rendered":"https:\/\/naila-therapies.ch\/mohi\/"},"modified":"2025-12-31T17:44:19","modified_gmt":"2025-12-31T16:44:19","slug":"mohi","status":"publish","type":"page","link":"https:\/\/naila-therapies.ch\/es\/mohi\/","title":{"rendered":"MOHI"},"content":{"rendered":"<p>[et_pb_section fb_built=\u00bb1&#8243; admin_label=\u00bbHeader\u00bb _builder_version=\u00bb4.27.0&#8243; _module_preset=\u00bbdefault\u00bb use_background_color_gradient=\u00bbon\u00bb background_color_gradient_stops=\u00bbrgba(0,0,0,0.4) 0%|rgba(0,0,0,0.4) 100%\u00bb background_color_gradient_overlays_image=\u00bbon\u00bb background_image=\u00bbhttps:\/\/naila-therapies.ch\/wp-content\/uploads\/2024\/08\/Design-sans-titre-2024-08-15T132345.879.png\u00bb custom_padding=\u00bb64px||64px||true|false\u00bb locked=\u00bboff\u00bb collapsed=\u00bbon\u00bb global_colors_info=\u00bb{}\u00bb][et_pb_row _builder_version=\u00bb4.22.0&#8243; _module_preset=\u00bbdefault\u00bb global_colors_info=\u00bb{}\u00bb][et_pb_column type=\u00bb4_4&#8243; _builder_version=\u00bb4.22.0&#8243; _module_preset=\u00bbdefault\u00bb global_colors_info=\u00bb{}\u00bb][et_pb_text _builder_version=\u00bb4.27.0&#8243; _module_preset=\u00bb_initial\u00bb header_font=\u00bbNoto Serif||||||||\u00bb header_text_color=\u00bb#FFFFFF\u00bb header_font_size=\u00bb62px\u00bb header_line_height=\u00bb1.2em\u00bb custom_margin=\u00bb||27px|||\u00bb animation_style=\u00bbfade\u00bb header_font_size_tablet=\u00bb40px\u00bb header_font_size_phone=\u00bb34px\u00bb header_font_size_last_edited=\u00bbon|desktop\u00bb global_colors_info=\u00bb{}\u00bb]<\/p>\n<h1 style=\"text-align: center;\">MOHI\u00ae<\/h1>\n<p>[\/et_pb_text][et_pb_text _builder_version=\u00bb4.27.0&#8243; _module_preset=\u00bb_initial\u00bb text_font=\u00bbMontserrat|300|||||||\u00bb text_text_color=\u00bb#FFFFFF\u00bb text_font_size=\u00bb16px\u00bb header_font=\u00bbNoto Serif||||||||\u00bb header_text_color=\u00bb#FFFFFF\u00bb header_font_size=\u00bb62px\u00bb header_line_height=\u00bb1.2em\u00bb animation_style=\u00bbfade\u00bb header_font_size_tablet=\u00bb40px\u00bb header_font_size_phone=\u00bb34px\u00bb header_font_size_last_edited=\u00bbon|desktop\u00bb global_colors_info=\u00bb{}\u00bb]<\/p>\n<p style=\"text-align: center;\">Movimientos oculares en hipnosis integrativa<\/p>\n<p>[\/et_pb_text][\/et_pb_column][\/et_pb_row][\/et_pb_section][et_pb_section fb_built=\u00bb1&#8243; disabled_on=\u00bboff|off|off\u00bb admin_label=\u00bbProducts\u00bb _builder_version=\u00bb4.27.0&#8243; _module_preset=\u00bbdefault\u00bb background_color=\u00bb#f9f9f9&#8243; locked=\u00bboff\u00bb collapsed=\u00bboff\u00bb global_colors_info=\u00bb{}\u00bb][et_pb_row column_structure=\u00bb2_3,1_3&#8243; _builder_version=\u00bb4.27.0&#8243; _module_preset=\u00bbdefault\u00bb max_width=\u00bb1440px\u00bb global_colors_info=\u00bb{}\u00bb][et_pb_column type=\u00bb2_3&#8243; _builder_version=\u00bb4.27.0&#8243; _module_preset=\u00bbdefault\u00bb global_colors_info=\u00bb{}\u00bb background__hover_enabled=\u00bbon|hover\u00bb][et_pb_image src=\u00bbhttps:\/\/naila-therapies.ch\/wp-content\/uploads\/2024\/08\/Design-sans-titre-68.png\u00bb title_text=\u00bbDesign sans titre (68)\u00bb align=\u00bbcenter\u00bb force_fullwidth=\u00bbon\u00bb _builder_version=\u00bb4.27.0&#8243; _module_preset=\u00bbdefault\u00bb animation_style=\u00bbfade\u00bb border_radii=\u00bbon|25px|25px|25px|25px\u00bb global_colors_info=\u00bb{}\u00bb][\/et_pb_image][et_pb_text _builder_version=\u00bb4.27.0&#8243; _module_preset=\u00bb_initial\u00bb text_font=\u00bbMontserrat|300|||||||\u00bb text_text_color=\u00bb#000000&#8243; text_font_size=\u00bb16px\u00bb header_2_font=\u00bbNoto Serif||||||||\u00bb header_2_text_color=\u00bb#000000&#8243; header_2_font_size=\u00bb30px\u00bb header_2_line_height=\u00bb1.4em\u00bb background_color=\u00bbRGBA(255,255,255,0)\u00bb custom_margin=\u00bb||||true|false\u00bb custom_padding=\u00bb20px|20px|20px|20px|true|true\u00bb animation_style=\u00bbfade\u00bb header_2_font_size_tablet=\u00bb32px\u00bb header_2_font_size_phone=\u00bb20px\u00bb header_2_font_size_last_edited=\u00bbon|desktop\u00bb border_radii=\u00bbon|25px|25px|25px|25px\u00bb border_width_all=\u00bb2px\u00bb border_color_all=\u00bb#61B594&#8243; border_style_all=\u00bbdashed\u00bb locked=\u00bboff\u00bb global_colors_info=\u00bb{}\u00bb]<\/p>\n<h2 style=\"text-align: left;\">\u00bfQu\u00e9 son los MOHI\u00ae<span style=\"color: #61b594;\"> Movimientos oculares en hipnosis integrativa ?<\/span><\/h2>\n<p>La herramienta terap\u00e9utica MOHI\u00ae es una t\u00e9cnica para la liberaci\u00f3n de traumas y heridas emocionales que combina movimientos oculares, programaci\u00f3n neuroling\u00fc\u00edstica e hipnosis.<\/p>\n<p>Los movimientos oculares provocados por el terapeuta en un ambiente seguro permitir\u00e1n al paciente neutralizar las emociones y sensaciones relacionadas con los traumas o con las heridas experimentados y que no han sido digeridos por la parte inconsciente de la mente en el pasado.<\/p>\n<p>Gracias al estado hipn\u00f3tico inducido por el terapeuta y a los movimientos oculares realizados, las emociones y sensaciones son descargadas por el paciente, lo que tiene como consecuencia calmar y\/o hacer desaparecer los s\u00edntomas y reactivos relacionados en el presente.<\/p>\n<p>[\/et_pb_text][et_pb_text _builder_version=\u00bb4.27.0&#8243; _module_preset=\u00bb_initial\u00bb text_font=\u00bbMontserrat|300|||||||\u00bb text_text_color=\u00bb#000000&#8243; text_font_size=\u00bb16px\u00bb header_2_font=\u00bbNoto Serif||||||||\u00bb header_2_text_color=\u00bb#000000&#8243; header_2_font_size=\u00bb30px\u00bb header_2_line_height=\u00bb1.4em\u00bb background_color=\u00bbRGBA(255,255,255,0)\u00bb custom_margin=\u00bb||||true|false\u00bb custom_padding=\u00bb20px|20px|20px|20px|true|true\u00bb animation_style=\u00bbfade\u00bb header_2_font_size_tablet=\u00bb32px\u00bb header_2_font_size_phone=\u00bb20px\u00bb header_2_font_size_last_edited=\u00bbon|desktop\u00bb border_radii=\u00bbon|25px|25px|25px|25px\u00bb border_width_all=\u00bb2px\u00bb border_color_all=\u00bb#61B594&#8243; border_style_all=\u00bbdashed\u00bb locked=\u00bboff\u00bb global_colors_info=\u00bb{}\u00bb]<\/p>\n<h2 style=\"text-align: left;\">\u00bfCu\u00e1l es la diferencia entre <span style=\"color: #61b594;\">MOHI\u00ae y EMDR ?<\/span><\/h2>\n<p>El EMDR trabaja sobre el momento en el que se cre\u00f3 el trauma o herida, confrontando al paciente directamente con eso\/esa.<\/p>\n<p>La t\u00e9cnica MOHI\u00ae prefiere trabajar de forma m\u00e1s progresiva, partiendo de un momento neutro y luego desenrollando la cadena de acontecimientos hasta el momento del trauma, siguiendo y respetando el ritmo del paciente.<\/p>\n<p>Tambi\u00e9n permite establecer recursos en el paciente, permitirle alcanzar un objetivo o prepararlo para un evento futuro.<\/p>\n<p>[\/et_pb_text][et_pb_text _builder_version=\u00bb4.27.0&#8243; _module_preset=\u00bb_initial\u00bb text_font=\u00bbMontserrat|300|||||||\u00bb text_text_color=\u00bb#000000&#8243; text_font_size=\u00bb16px\u00bb header_2_font=\u00bbNoto Serif||||||||\u00bb header_2_text_color=\u00bb#000000&#8243; header_2_font_size=\u00bb30px\u00bb header_2_line_height=\u00bb1.4em\u00bb background_color=\u00bbRGBA(255,255,255,0)\u00bb custom_margin=\u00bb||||true|false\u00bb custom_padding=\u00bb20px|20px|20px|20px|true|true\u00bb animation_style=\u00bbfade\u00bb header_2_font_size_tablet=\u00bb32px\u00bb header_2_font_size_phone=\u00bb20px\u00bb header_2_font_size_last_edited=\u00bbon|desktop\u00bb border_radii=\u00bbon|25px|25px|25px|25px\u00bb border_width_all=\u00bb2px\u00bb border_color_all=\u00bb#61B594&#8243; border_style_all=\u00bbdashed\u00bb locked=\u00bboff\u00bb global_colors_info=\u00bb{}\u00bb]<\/p>\n<h2 style=\"text-align: left;\">\u00bfA qui\u00e9n van dirigidos los <span style=\"color: #61b594;\">MOHI\u00ae?<\/span><\/h2>\n<p>Dado que el prop\u00f3sito de esta t\u00e9cnica es hacer surgir emociones que pueden ser muy fuertes para neutralizarlas, est\u00e1 dirigida m\u00e1s espec\u00edficamente a los adultos.<\/p>\n<p>[\/et_pb_text][et_pb_image src=\u00bbhttps:\/\/naila-therapies.ch\/wp-content\/uploads\/2024\/08\/Depositphotos_48340729_L.jpg\u00bb title_text=\u00bbGreen eye looking on female face on white background\u00bb _builder_version=\u00bb4.27.0&#8243; _module_preset=\u00bbdefault\u00bb animation_style=\u00bbfade\u00bb border_radii=\u00bbon|25px|25px|25px|25px\u00bb global_colors_info=\u00bb{}\u00bb][\/et_pb_image][et_pb_text _builder_version=\u00bb4.27.0&#8243; _module_preset=\u00bb_initial\u00bb text_font=\u00bbMontserrat|300|||||||\u00bb text_text_color=\u00bb#000000&#8243; text_font_size=\u00bb16px\u00bb header_2_font=\u00bbNoto Serif||||||||\u00bb header_2_text_color=\u00bb#000000&#8243; header_2_font_size=\u00bb30px\u00bb header_2_line_height=\u00bb1.4em\u00bb background_color=\u00bbRGBA(255,255,255,0)\u00bb custom_margin=\u00bb||||true|false\u00bb custom_padding=\u00bb20px|20px|20px|20px|true|true\u00bb animation_style=\u00bbfade\u00bb header_2_font_size_tablet=\u00bb32px\u00bb header_2_font_size_phone=\u00bb20px\u00bb header_2_font_size_last_edited=\u00bbon|desktop\u00bb border_radii=\u00bbon|25px|25px|25px|25px\u00bb border_width_all=\u00bb2px\u00bb border_color_all=\u00bb#61B594&#8243; border_style_all=\u00bbdashed\u00bb locked=\u00bboff\u00bb global_colors_info=\u00bb{}\u00bb]<\/p>\n<h2 style=\"text-align: left;\">\u00bfCu\u00e1les son sus <span style=\"color: #61b594;\">aplicaciones ?<\/span><\/h2>\n<p>Las aplicaciones de los MOHI\u00ae son las siguientes:<\/p>\n<p>&nbsp;<\/p>\n<ul>\n<li>Liberaci\u00f3n de trauma<\/li>\n<li>Gesti\u00f3n de emociones<\/li>\n<li>Gesti\u00f3n del dolor<\/li>\n<li>Gesti\u00f3n del estr\u00e9s<\/li>\n<li>Alivio de la ansiedad<\/li>\n<li>Instalaci\u00f3n de recursos<\/li>\n<li>Logro de un objetivo<\/li>\n<li>Liberaci\u00f3n de fobias<\/li>\n<li>Cambio de un comportamiento<\/li>\n<li>Preparaci\u00f3n para un evento futuro<\/li>\n<\/ul>\n<p>[\/et_pb_text][et_pb_text _builder_version=\u00bb4.27.0&#8243; _module_preset=\u00bb_initial\u00bb text_font=\u00bbMontserrat|300|||||||\u00bb text_text_color=\u00bb#000000&#8243; text_font_size=\u00bb16px\u00bb header_2_font=\u00bbNoto Serif||||||||\u00bb header_2_text_color=\u00bb#000000&#8243; header_2_font_size=\u00bb30px\u00bb header_2_line_height=\u00bb1.4em\u00bb background_color=\u00bbRGBA(255,255,255,0)\u00bb custom_margin=\u00bb||||true|false\u00bb custom_padding=\u00bb20px|20px|20px|20px|true|true\u00bb animation_style=\u00bbfade\u00bb header_2_font_size_tablet=\u00bb32px\u00bb header_2_font_size_phone=\u00bb20px\u00bb header_2_font_size_last_edited=\u00bbon|desktop\u00bb border_radii=\u00bbon|25px|25px|25px|25px\u00bb border_width_all=\u00bb2px\u00bb border_color_all=\u00bb#61B594&#8243; border_style_all=\u00bbdashed\u00bb locked=\u00bboff\u00bb global_colors_info=\u00bb{}\u00bb]<\/p>\n<h2 style=\"text-align: left;\">\u00bfExisten <span style=\"color: #61b594;\">contraindicaciones ?<\/span><\/h2>\n<p>De hecho, existen algunas contraindicaciones para el uso del los MOHI\u00ae.<\/p>\n<p>Si el paciente es emocionalmente fr\u00e1gil o deprimido, el estado emocional debe ser estabilizado de antemano. Esto se puede hacer a trav\u00e9s de una o m\u00e1s sesiones de hipnosis.<\/p>\n<p>Adem\u00e1s, no se recomienda utilizar esta t\u00e9cnica con los siguientes pacientes:<\/p>\n<ul>\n<li>Trastornos card\u00edacos<\/li>\n<li>Mujeres embarazadas<\/li>\n<li>Epil\u00e9pticos<\/li>\n<li>Problemas oculares (por ejemplo, glaucoma u tensi\u00f3n ocular)<\/li>\n<li>Uso de benzodiacepinas<\/li>\n<li>Trastornos psic\u00f3ticos o disociativos<\/li>\n<\/ul>\n<p>Un paciente que use gafas o lentes de contacto deber\u00e1 quit\u00e1rselos antes de una sesi\u00f3n de movimientos ocular.<\/p>\n<p>[\/et_pb_text][et_pb_image src=\u00bbhttps:\/\/naila-therapies.ch\/wp-content\/uploads\/2024\/08\/Depositphotos_30317325_XL-scaled.jpg\u00bb title_text=\u00bbDepositphotos_30317325_XL\u00bb _builder_version=\u00bb4.27.0&#8243; _module_preset=\u00bbdefault\u00bb animation_style=\u00bbfade\u00bb border_radii=\u00bbon|25px|25px|25px|25px\u00bb locked=\u00bboff\u00bb global_colors_info=\u00bb{}\u00bb][\/et_pb_image][et_pb_text _builder_version=\u00bb4.27.0&#8243; _module_preset=\u00bb_initial\u00bb text_font=\u00bbMontserrat|300|||||||\u00bb text_text_color=\u00bb#000000&#8243; text_font_size=\u00bb16px\u00bb header_2_font=\u00bbNoto Serif||||||||\u00bb header_2_text_color=\u00bb#000000&#8243; header_2_font_size=\u00bb30px\u00bb header_2_line_height=\u00bb1.4em\u00bb background_color=\u00bbRGBA(255,255,255,0)\u00bb custom_margin=\u00bb||||true|false\u00bb custom_padding=\u00bb20px|20px|20px|20px|true|true\u00bb animation_style=\u00bbfade\u00bb header_2_font_size_tablet=\u00bb32px\u00bb header_2_font_size_phone=\u00bb20px\u00bb header_2_font_size_last_edited=\u00bbon|desktop\u00bb border_radii=\u00bbon|25px|25px|25px|25px\u00bb border_width_all=\u00bb2px\u00bb border_color_all=\u00bb#61B594&#8243; border_style_all=\u00bbdashed\u00bb locked=\u00bboff\u00bb global_colors_info=\u00bb{}\u00bb]<\/p>\n<h2 style=\"text-align: left;\">\u00bfCu\u00e1ntas sesiones se necesitan para <span style=\"color: #61b594;\">resolver una problem\u00e1tica ?<\/span><\/h2>\n<p>El n\u00famero de sesiones puede variar en funci\u00f3n del estado emocional del paciente antes y durante las sesiones, as\u00ed como de la intensidad y profundidad de la problem\u00e1tica.<\/p>\n<p>En cualquier caso, se necesitan al menos 4 sesiones.<\/p>\n<p>[\/et_pb_text][et_pb_text _builder_version=\u00bb4.27.0&#8243; _module_preset=\u00bb_initial\u00bb text_font=\u00bbMontserrat|300|||||||\u00bb text_text_color=\u00bb#000000&#8243; text_font_size=\u00bb16px\u00bb header_2_font=\u00bbNoto Serif||||||||\u00bb header_2_text_color=\u00bb#000000&#8243; header_2_font_size=\u00bb30px\u00bb header_2_line_height=\u00bb1.4em\u00bb background_color=\u00bbRGBA(255,255,255,0)\u00bb custom_margin=\u00bb||||true|false\u00bb custom_padding=\u00bb20px|20px|20px|20px|true|true\u00bb animation_style=\u00bbfade\u00bb header_2_font_size_tablet=\u00bb32px\u00bb header_2_font_size_phone=\u00bb20px\u00bb header_2_font_size_last_edited=\u00bbon|desktop\u00bb border_radii=\u00bbon|25px|25px|25px|25px\u00bb border_width_all=\u00bb2px\u00bb border_color_all=\u00bb#61B594&#8243; border_style_all=\u00bbdashed\u00bb locked=\u00bboff\u00bb global_colors_info=\u00bb{}\u00bb]<\/p>\n<h2 style=\"text-align: left;\">\u00bfC\u00f3mo funciona una <span style=\"color: #61b594;\">sesi\u00f3n de MOHI\u00ae ?<\/span><\/h2>\n<p>Durante la primera cita, tomamos el tiempo para explorar con el paciente lo que lo trae aqu\u00ed, lo que est\u00e1 experimentando actualmente e identificar sus necesidades y el objetivo deseado. Este es tambi\u00e9n el momento en el que presentamos el m\u00e9todo y c\u00f3mo funciona.<\/p>\n<p>Durante la segunda cita, estableceremos los recursos necesarios para las siguientes sesiones.<\/p>\n<p>Durante la(s) siguiente(s) sesi\u00f3n(es) pasamos a la fase de neutralizaci\u00f3n, o bien al establecimiento del estado deseado o a la proyecci\u00f3n futura seg\u00fan el objetivo inicial del paciente.<\/p>\n<p>[\/et_pb_text][et_pb_text _builder_version=\u00bb4.27.0&#8243; _module_preset=\u00bb_initial\u00bb text_font=\u00bbMontserrat|300|||||||\u00bb text_text_color=\u00bb#000000&#8243; text_font_size=\u00bb16px\u00bb header_2_font=\u00bbNoto Serif||||||||\u00bb header_2_text_color=\u00bb#000000&#8243; header_2_font_size=\u00bb30px\u00bb header_2_line_height=\u00bb1.4em\u00bb background_color=\u00bbRGBA(255,255,255,0)\u00bb custom_margin=\u00bb||||true|false\u00bb custom_padding=\u00bb20px|20px|20px|20px|true|true\u00bb animation_style=\u00bbfade\u00bb header_2_font_size_tablet=\u00bb32px\u00bb header_2_font_size_phone=\u00bb20px\u00bb header_2_font_size_last_edited=\u00bbon|desktop\u00bb border_radii=\u00bbon|25px|25px|25px|25px\u00bb border_width_all=\u00bb2px\u00bb border_color_all=\u00bb#61B594&#8243; border_style_all=\u00bbdashed\u00bb locked=\u00bboff\u00bb global_colors_info=\u00bb{}\u00bb]<\/p>\n<h2 style=\"text-align: left;\">\u00bfCon qu\u00e9 frecuencia <span style=\"color: #61b594;\">se realizan las sesiones ?<\/span><\/h2>\n<p>Debe haber un intervalo de una a dos semanas entre la primera entrevista y la primera sesi\u00f3n del MOHI\u00ae.<\/p>\n<p>Entre la primera sesi\u00f3n de MOHI\u00ae y la segunda, debe haber un intervalo de 3 a 4 semanas, con el fin de dar tiempo a los recursos de ser integrados por la parte inconsciente de la mente.<\/p>\n<p>Entre las sesiones siguientes, el intervalo depender\u00e1 del estado emocional del paciente.<\/p>\n<p>[\/et_pb_text][\/et_pb_column][et_pb_column type=\u00bb1_3&#8243; _builder_version=\u00bb4.27.0&#8243; _module_preset=\u00bbdefault\u00bb global_colors_info=\u00bb{}\u00bb][et_pb_text _builder_version=\u00bb4.27.0&#8243; _module_preset=\u00bbdefault\u00bb text_font=\u00bbMontserrat|300|||||||\u00bb text_text_color=\u00bb#000000&#8243; text_font_size=\u00bb16px\u00bb header_2_font=\u00bbNoto Serif||||||||\u00bb header_2_text_color=\u00bb#000000&#8243; header_2_font_size=\u00bb30px\u00bb header_2_line_height=\u00bb1.4em\u00bb background_color=\u00bbRGBA(255,255,255,0)\u00bb custom_margin=\u00bb||||true|false\u00bb custom_padding=\u00bb20px|20px|20px|20px|true|true\u00bb animation_style=\u00bbfade\u00bb sticky_position=\u00bbtop\u00bb sticky_limit_bottom=\u00bbsection\u00bb hover_enabled=\u00bb0&#8243; header_2_font_size_tablet=\u00bb32px\u00bb header_2_font_size_phone=\u00bb20px\u00bb header_2_font_size_last_edited=\u00bbon|desktop\u00bb border_radii=\u00bbon|25px|25px|25px|25px\u00bb border_width_all=\u00bb2px\u00bb border_color_all=\u00bb#61B594&#8243; border_style_all=\u00bbdashed\u00bb locked=\u00bboff\u00bb global_colors_info=\u00bb{}\u00bb sticky_enabled=\u00bb0&#8243;]<\/p>\n<p><strong>Tarifas<\/strong><\/p>\n<p>Sesi\u00f3n individual:<\/p>\n<p>Primera sesi\u00f3n :\u00a0 <strong><span style=\"color: #61b594;\">CHF 130<\/span><\/strong><br \/>Sesiones siguientes : <strong><span style=\"color: #61b594;\">CHF 150<\/span><\/strong><\/p>\n<p>Paquete (4 sesiones) :\u00a0 <strong><span style=\"color: #61b594;\">CHF 540<\/span><\/strong><\/p>\n<p><strong>\u00bfLas sesiones son reembolsadas por un seguro complementario?<\/strong><\/p>\n<p>Las sesiones de MOHI\u00ae no son reembolsadas por el seguro complementario.<\/p>\n<p>[\/et_pb_text][\/et_pb_column][\/et_pb_row][\/et_pb_section]<\/p>\n","protected":false},"excerpt":{"rendered":"<p>MOHI\u00aeMovimientos oculares en hipnosis integrativa\u00bfQu\u00e9 son los MOHI\u00ae Movimientos oculares en hipnosis integrativa ? La herramienta terap\u00e9utica MOHI\u00ae es una t\u00e9cnica para la liberaci\u00f3n de traumas y heridas emocionales que combina movimientos oculares, programaci\u00f3n neuroling\u00fc\u00edstica e hipnosis. Los movimientos oculares provocados por el terapeuta en un ambiente seguro permitir\u00e1n al paciente neutralizar las emociones y [&hellip;]<\/p>\n","protected":false},"author":1,"featured_media":0,"parent":0,"menu_order":0,"comment_status":"closed","ping_status":"closed","template":"","meta":{"_et_pb_use_builder":"on","_et_pb_old_content":"<!-- wp:divi\/placeholder \/-->","_et_gb_content_width":"","footnotes":""},"class_list":["post-30070","page","type-page","status-publish","hentry"],"_links":{"self":[{"href":"https:\/\/naila-therapies.ch\/es\/wp-json\/wp\/v2\/pages\/30070","targetHints":{"allow":["GET"]}}],"collection":[{"href":"https:\/\/naila-therapies.ch\/es\/wp-json\/wp\/v2\/pages"}],"about":[{"href":"https:\/\/naila-therapies.ch\/es\/wp-json\/wp\/v2\/types\/page"}],"author":[{"embeddable":true,"href":"https:\/\/naila-therapies.ch\/es\/wp-json\/wp\/v2\/users\/1"}],"replies":[{"embeddable":true,"href":"https:\/\/naila-therapies.ch\/es\/wp-json\/wp\/v2\/comments?post=30070"}],"version-history":[{"count":8,"href":"https:\/\/naila-therapies.ch\/es\/wp-json\/wp\/v2\/pages\/30070\/revisions"}],"predecessor-version":[{"id":30670,"href":"https:\/\/naila-therapies.ch\/es\/wp-json\/wp\/v2\/pages\/30070\/revisions\/30670"}],"wp:attachment":[{"href":"https:\/\/naila-therapies.ch\/es\/wp-json\/wp\/v2\/media?parent=30070"}],"curies":[{"name":"wp","href":"https:\/\/api.w.org\/{rel}","templated":true}]}}