{"id":29969,"date":"2024-08-09T11:08:51","date_gmt":"2024-08-09T09:08:51","guid":{"rendered":"https:\/\/naila-therapies.ch\/hypnose-therapeutique\/"},"modified":"2026-02-21T10:59:22","modified_gmt":"2026-02-21T09:59:22","slug":"hypnose-therapeutique","status":"publish","type":"page","link":"https:\/\/naila-therapies.ch\/es\/hypnose-therapeutique\/","title":{"rendered":"Hipnosis terap\u00e9utica"},"content":{"rendered":"<p>[et_pb_section fb_built=\u00bb1&#8243; admin_label=\u00bbHeader\u00bb _builder_version=\u00bb4.27.0&#8243; _module_preset=\u00bbdefault\u00bb use_background_color_gradient=\u00bbon\u00bb background_color_gradient_stops=\u00bbrgba(0,0,0,0.4) 0%|rgba(0,0,0,0.4) 100%\u00bb background_color_gradient_overlays_image=\u00bbon\u00bb background_image=\u00bbhttps:\/\/naila-therapies.ch\/wp-content\/uploads\/2024\/08\/Depositphotos_366143730_L.jpg\u00bb custom_padding=\u00bb64px||64px||true|false\u00bb locked=\u00bboff\u00bb collapsed=\u00bbon\u00bb global_colors_info=\u00bb{}\u00bb][et_pb_row _builder_version=\u00bb4.22.0&#8243; _module_preset=\u00bbdefault\u00bb global_colors_info=\u00bb{}\u00bb][et_pb_column type=\u00bb4_4&#8243; _builder_version=\u00bb4.22.0&#8243; _module_preset=\u00bbdefault\u00bb global_colors_info=\u00bb{}\u00bb][et_pb_text _builder_version=\u00bb4.27.0&#8243; _module_preset=\u00bb_initial\u00bb header_font=\u00bbNoto Serif||||||||\u00bb header_text_color=\u00bb#FFFFFF\u00bb header_font_size=\u00bb62px\u00bb header_line_height=\u00bb1.2em\u00bb animation_style=\u00bbfade\u00bb header_font_size_tablet=\u00bb40px\u00bb header_font_size_phone=\u00bb34px\u00bb header_font_size_last_edited=\u00bbon|desktop\u00bb global_colors_info=\u00bb{}\u00bb]<\/p>\n<h1 style=\"text-align: center;\">Hipnosis terap\u00e9utica<\/h1>\n<p>[\/et_pb_text][\/et_pb_column][\/et_pb_row][\/et_pb_section][et_pb_section fb_built=\u00bb1&#8243; disabled_on=\u00bboff|off|off\u00bb admin_label=\u00bbProducts\u00bb _builder_version=\u00bb4.27.0&#8243; _module_preset=\u00bbdefault\u00bb background_color=\u00bb#f9f9f9&#8243; locked=\u00bboff\u00bb collapsed=\u00bboff\u00bb global_colors_info=\u00bb{}\u00bb][et_pb_row column_structure=\u00bb2_3,1_3&#8243; _builder_version=\u00bb4.27.0&#8243; _module_preset=\u00bbdefault\u00bb max_width=\u00bb1440px\u00bb global_colors_info=\u00bb{}\u00bb][et_pb_column type=\u00bb2_3&#8243; _builder_version=\u00bb4.27.0&#8243; _module_preset=\u00bbdefault\u00bb global_colors_info=\u00bb{}\u00bb background__hover_enabled=\u00bbon|hover\u00bb][et_pb_image src=\u00bbhttps:\/\/naila-therapies.ch\/wp-content\/uploads\/2024\/08\/Design-sans-titre-2024-08-12T182428.949.png\u00bb title_text=\u00bbDesign sans titre &#8211; 2024-08-12T182428.949&#8243; align=\u00bbcenter\u00bb _builder_version=\u00bb4.27.0&#8243; _module_preset=\u00bbdefault\u00bb animation_style=\u00bbfade\u00bb border_radii=\u00bbon|25px|25px|25px|25px\u00bb global_colors_info=\u00bb{}\u00bb][\/et_pb_image][et_pb_text _builder_version=\u00bb4.27.0&#8243; _module_preset=\u00bb_initial\u00bb text_font=\u00bbMontserrat|300|||||||\u00bb text_text_color=\u00bb#000000&#8243; text_font_size=\u00bb16px\u00bb header_2_font=\u00bbNoto Serif||||||||\u00bb header_2_text_color=\u00bb#000000&#8243; header_2_font_size=\u00bb30px\u00bb header_2_line_height=\u00bb1.4em\u00bb background_color=\u00bbRGBA(255,255,255,0)\u00bb custom_margin=\u00bb||||true|false\u00bb custom_padding=\u00bb20px|20px|20px|20px|true|true\u00bb animation_style=\u00bbfade\u00bb header_2_font_size_tablet=\u00bb32px\u00bb header_2_font_size_phone=\u00bb20px\u00bb header_2_font_size_last_edited=\u00bbon|desktop\u00bb border_radii=\u00bbon|25px|25px|25px|25px\u00bb border_width_all=\u00bb2px\u00bb border_color_all=\u00bb#61B594&#8243; border_style_all=\u00bbdashed\u00bb locked=\u00bboff\u00bb global_colors_info=\u00bb{}\u00bb]<\/p>\n<h2 style=\"text-align: left;\">\u00bfQu\u00e9 es <span style=\"color: #61b594;\">la hipnosis?<\/span><\/h2>\n<p>La hipnosis es un estado modificado de conciencia en el cual la parte consciente de nuestra mente se relaja, permitiendo as\u00ed el acceso a la parte inconsciente de nuestra mente, responsable de los problemas o bloqueos experimentados en la vida.<\/p>\n<p>Una vez que este estado se logra a trav\u00e9s de la relajaci\u00f3n profunda, es posible dar a la mente inconsciente sugerencias espec\u00edficas para el cambio que tendr\u00e1n un impacto directo en los comportamientos inconscientes, los reactivos emocionales, los miedos y las creencias internas limitantes.<\/p>\n<p>[\/et_pb_text][et_pb_text _builder_version=\u00bb4.27.0&#8243; _module_preset=\u00bb_initial\u00bb text_font=\u00bbMontserrat|300|||||||\u00bb text_text_color=\u00bb#000000&#8243; text_font_size=\u00bb16px\u00bb header_2_font=\u00bbNoto Serif||||||||\u00bb header_2_text_color=\u00bb#000000&#8243; header_2_font_size=\u00bb30px\u00bb header_2_line_height=\u00bb1.4em\u00bb background_color=\u00bbRGBA(255,255,255,0)\u00bb custom_margin=\u00bb||||true|false\u00bb custom_padding=\u00bb20px|20px|20px|20px|true|true\u00bb animation_style=\u00bbfade\u00bb header_2_font_size_tablet=\u00bb32px\u00bb header_2_font_size_phone=\u00bb20px\u00bb header_2_font_size_last_edited=\u00bbon|desktop\u00bb border_radii=\u00bbon|25px|25px|25px|25px\u00bb border_width_all=\u00bb2px\u00bb border_color_all=\u00bb#61B594&#8243; border_style_all=\u00bbdashed\u00bb locked=\u00bboff\u00bb global_colors_info=\u00bb{}\u00bb]<\/p>\n<h2 style=\"text-align: left;\">\u00bfCu\u00e1l es la diferencia entre <span style=\"color: #61b594;\">hipnosis<\/span> e\u00a0<span style=\"color: #61b594;\">hipnosis therap\u00e9utica ?<\/span><\/h2>\n<p>En ambos casos, la herramienta principal utilizada por el terapeuta es la hipnosis. Sin embargo, en hipnosis terap\u00e9utica, el objetivo final es de volver a la origen de la problem\u00e1tica actual para modificar el presente del paciente. Adem\u00e1s, el terapeuta puede tambi\u00e9n apoyarse en otras herramientas cuando sea necesario o si le parece relevante.<\/p>\n<p>[\/et_pb_text][et_pb_image src=\u00bbhttps:\/\/naila-therapies.ch\/wp-content\/uploads\/2024\/08\/Depositphotos_53758747_L.jpg\u00bb title_text=\u00bbDepositphotos_53758747_L\u00bb _builder_version=\u00bb4.27.0&#8243; _module_preset=\u00bbdefault\u00bb animation_style=\u00bbfade\u00bb border_radii=\u00bbon|25px|25px|25px|25px\u00bb global_colors_info=\u00bb{}\u00bb][\/et_pb_image][et_pb_text _builder_version=\u00bb4.27.0&#8243; _module_preset=\u00bb_initial\u00bb text_font=\u00bbMontserrat|300|||||||\u00bb text_text_color=\u00bb#000000&#8243; text_font_size=\u00bb16px\u00bb header_2_font=\u00bbNoto Serif||||||||\u00bb header_2_text_color=\u00bb#000000&#8243; header_2_font_size=\u00bb30px\u00bb header_2_line_height=\u00bb1.4em\u00bb background_color=\u00bbRGBA(255,255,255,0)\u00bb custom_margin=\u00bb||||true|false\u00bb custom_padding=\u00bb20px|20px|20px|20px|true|true\u00bb animation_style=\u00bbfade\u00bb header_2_font_size_tablet=\u00bb32px\u00bb header_2_font_size_phone=\u00bb20px\u00bb header_2_font_size_last_edited=\u00bbon|desktop\u00bb border_radii=\u00bbon|25px|25px|25px|25px\u00bb border_width_all=\u00bb2px\u00bb border_color_all=\u00bb#61B594&#8243; border_style_all=\u00bbdashed\u00bb locked=\u00bboff\u00bb global_colors_info=\u00bb{}\u00bb]<\/p>\n<h2 style=\"text-align: left;\">\u00bfPara qui\u00e9n es la <span style=\"color: #61b594;\">hipnosis therap\u00e9utica ?<\/span><\/h2>\n<p>La hipnosis terap\u00e9utica est\u00e1 destinada tanto a adultos como a adolescentes y ni\u00f1os mayores de 6 a\u00f1os (ver la p\u00e1gina dedicada).<\/p>\n<p>[\/et_pb_text][et_pb_text _builder_version=\u00bb4.27.0&#8243; _module_preset=\u00bb_initial\u00bb text_font=\u00bbMontserrat|300|||||||\u00bb text_text_color=\u00bb#000000&#8243; text_font_size=\u00bb16px\u00bb header_2_font=\u00bbNoto Serif||||||||\u00bb header_2_text_color=\u00bb#000000&#8243; header_2_font_size=\u00bb30px\u00bb header_2_line_height=\u00bb1.4em\u00bb background_color=\u00bbRGBA(255,255,255,0)\u00bb custom_margin=\u00bb||||true|false\u00bb custom_padding=\u00bb20px|20px|20px|20px|true|true\u00bb animation_style=\u00bbfade\u00bb header_2_font_size_tablet=\u00bb32px\u00bb header_2_font_size_phone=\u00bb20px\u00bb header_2_font_size_last_edited=\u00bbon|desktop\u00bb border_radii=\u00bbon|25px|25px|25px|25px\u00bb border_width_all=\u00bb2px\u00bb border_color_all=\u00bb#61B594&#8243; border_style_all=\u00bbdashed\u00bb locked=\u00bboff\u00bb global_colors_info=\u00bb{}\u00bb]<\/p>\n<h2 style=\"text-align: left;\">\u00bfCu\u00e1les son <span style=\"color: #61b594;\">sus aplicaciones ?<\/span><\/h2>\n<p>Las aplicaciones de la hipnosis terap\u00e9utica son en realidad infinitas y permiten trabajar, entre otras, los siguientes aspectos:<\/p>\n<ul>\n<li>Estr\u00e9s, trastornos de ansiedad, miedos, fobias y trastorno obsesivo del comportamiento<\/li>\n<li>Dificultades emocionales, depresi\u00f3n y burn out<\/li>\n<li>Separaci\u00f3n, divorcio y duelo<\/li>\n<li>Trastornos del sue\u00f1o<\/li>\n<li>Dolor y enfermedad<\/li>\n<li>Trauma<\/li>\n<li>Autoconfianza y estima<\/li>\n<li>Acoso escolar y dificultades acad\u00e9micas<\/li>\n<li>Trastornos del apego<\/li>\n<li>Dependencias leves<\/li>\n<li>P\u00e9rdida de peso, manejo de la alimentaci\u00f3n y trastornos alimentarios<\/li>\n<li>Dejar de fumar<\/li>\n<li>Menopausia<\/li>\n<li>Sexualidad<\/li>\n<li>Reproducci\u00f3n asistida, apoyo al embarazo, preparaci\u00f3n al parto y apoyo postparto (lactancia, cansancio, vinculaci\u00f3n con el beb\u00e9, cicatrizaci\u00f3n, recuperaci\u00f3n sexual)<\/li>\n<li>Desarrollo o mejora de las habilidades atl\u00e9ticas y acad\u00e9micas<\/li>\n<li>Enuresis<\/li>\n<\/ul>\n<p>La hipnosis tambi\u00e9n puede ser simplemente una herramienta de relajaci\u00f3n, ya sea a trav\u00e9s de sesiones o a trav\u00e9s del entrenamiento de autohipnosis proporcionado por el terapeuta.<\/p>\n<p>[\/et_pb_text][et_pb_image src=\u00bbhttps:\/\/naila-therapies.ch\/wp-content\/uploads\/2024\/08\/Depositphotos_510542088_L.jpg\u00bb title_text=\u00bbEnvironmental Psychology\u00bb _builder_version=\u00bb4.27.0&#8243; _module_preset=\u00bbdefault\u00bb animation_style=\u00bbfade\u00bb border_radii=\u00bbon|25px|25px|25px|25px\u00bb global_colors_info=\u00bb{}\u00bb][\/et_pb_image][et_pb_text _builder_version=\u00bb4.27.0&#8243; _module_preset=\u00bb_initial\u00bb text_font=\u00bbMontserrat|300|||||||\u00bb text_text_color=\u00bb#000000&#8243; text_font_size=\u00bb16px\u00bb header_2_font=\u00bbNoto Serif||||||||\u00bb header_2_text_color=\u00bb#000000&#8243; header_2_font_size=\u00bb30px\u00bb header_2_line_height=\u00bb1.4em\u00bb background_color=\u00bbRGBA(255,255,255,0)\u00bb custom_margin=\u00bb||||true|false\u00bb custom_padding=\u00bb20px|20px|20px|20px|true|true\u00bb animation_style=\u00bbfade\u00bb header_2_font_size_tablet=\u00bb32px\u00bb header_2_font_size_phone=\u00bb20px\u00bb header_2_font_size_last_edited=\u00bbon|desktop\u00bb border_radii=\u00bbon|25px|25px|25px|25px\u00bb border_width_all=\u00bb2px\u00bb border_color_all=\u00bb#61B594&#8243; border_style_all=\u00bbdashed\u00bb locked=\u00bboff\u00bb global_colors_info=\u00bb{}\u00bb]<\/p>\n<h2 style=\"text-align: left;\">\u00bfCu\u00e1ntas sesiones se necesitan <span style=\"color: #61b594;\">ppara resolver una problem\u00e1tica ?<\/span><\/h2>\n<p>El n\u00famero de sesiones depende de la profundidad de la problem\u00e1tica sobre la cual el paciente desea trabajar, del objetivo establecido al inicio de la terapia, pero tambi\u00e9n de la regularidad de las sesiones y del compromiso del paciente.<\/p>\n<p>Adem\u00e1s, puede haber posibles resistencias inconscientes que pueden estar presentes desde el inicio o surgir durante la terapia.<\/p>\n<p>Aunque la mayor\u00eda de las veces se sienten resultados positivos desde las primeras sesiones, es importante tener en cuenta que se trata de una terapia destinada a trabajar sobre el origen de los problemas y no sobre los s\u00edntomas\/reactivos en s\u00ed.<\/p>\n<p>[\/et_pb_text][et_pb_text _builder_version=\u00bb4.27.0&#8243; _module_preset=\u00bb_initial\u00bb text_font=\u00bbMontserrat|300|||||||\u00bb text_text_color=\u00bb#000000&#8243; text_font_size=\u00bb16px\u00bb header_2_font=\u00bbNoto Serif||||||||\u00bb header_2_text_color=\u00bb#000000&#8243; header_2_font_size=\u00bb30px\u00bb header_2_line_height=\u00bb1.4em\u00bb background_color=\u00bbRGBA(255,255,255,0)\u00bb custom_margin=\u00bb||||true|false\u00bb custom_padding=\u00bb20px|20px|20px|20px|true|true\u00bb animation_style=\u00bbfade\u00bb header_2_font_size_tablet=\u00bb32px\u00bb header_2_font_size_phone=\u00bb20px\u00bb header_2_font_size_last_edited=\u00bbon|desktop\u00bb border_radii=\u00bbon|25px|25px|25px|25px\u00bb border_width_all=\u00bb2px\u00bb border_color_all=\u00bb#61B594&#8243; border_style_all=\u00bbdashed\u00bb locked=\u00bboff\u00bb global_colors_info=\u00bb{}\u00bb]<\/p>\n<h2 style=\"text-align: left;\">\u00bfC\u00f3mo funciona una <span style=\"color: #61b594;\">sesi\u00f3n de hipnosis terap\u00e9utica?<\/span><\/h2>\n<p>En primer lugar, hay que distinguir entre la primera sesi\u00f3n de la terapia y las siguientes.<\/p>\n<p>Durante la primera cita, tomamos el tiempo para explorar con el paciente qu\u00e9 le trae hasta aqu\u00ed, para hablar de lo que est\u00e1 viviendo actualmente, cu\u00e1l es su camino de vida y, sobre todo, en qu\u00e9 direcci\u00f3n quiere ir y c\u00f3mo quiere sentirse en el futuro. Esta sesi\u00f3n tambi\u00e9n ayuda a crear un v\u00ednculo de confianza entre el paciente y el terapeuta, lo cual es esencial para el \u00e9xito de la terapia.<\/p>\n<p>Durante las siguientes citas, este intercambio contin\u00faa en l\u00ednea con el objetivo establecido durante la primera entrevista, permaneciendo atento a las necesidades del paciente que evolucionan a medida que avanza la terapia.<\/p>\n<p>Este intercambio es seguido por la sesi\u00f3n de hipnosis propiamente dicha, durante la cual el terapeuta guiar\u00e1 al paciente a un estado de relajaci\u00f3n profunda, permitiendo que el estado de hipnosis se establece y que el terapeuta proponga sugerencias para cambiar a la parte inconsciente del paciente.<\/p>\n<p>[\/et_pb_text][et_pb_text _builder_version=\u00bb4.27.0&#8243; _module_preset=\u00bb_initial\u00bb text_font=\u00bbMontserrat|300|||||||\u00bb text_text_color=\u00bb#000000&#8243; text_font_size=\u00bb16px\u00bb header_2_font=\u00bbNoto Serif||||||||\u00bb header_2_text_color=\u00bb#000000&#8243; header_2_font_size=\u00bb30px\u00bb header_2_line_height=\u00bb1.4em\u00bb background_color=\u00bbRGBA(255,255,255,0)\u00bb custom_margin=\u00bb||||true|false\u00bb custom_padding=\u00bb20px|20px|20px|20px|true|true\u00bb animation_style=\u00bbfade\u00bb header_2_font_size_tablet=\u00bb32px\u00bb header_2_font_size_phone=\u00bb20px\u00bb header_2_font_size_last_edited=\u00bbon|desktop\u00bb border_radii=\u00bbon|25px|25px|25px|25px\u00bb border_width_all=\u00bb2px\u00bb border_color_all=\u00bb#61B594&#8243; border_style_all=\u00bbdashed\u00bb locked=\u00bboff\u00bb global_colors_info=\u00bb{}\u00bb]<\/p>\n<h2 style=\"text-align: left;\">\u00bfCon qu\u00e9 frecuencia se realizan <span style=\"color: #61b594;\">las sesiones ?<\/span><\/h2>\n<p>Hay un intervalo de una a dos semanas entre la primera entrevista y la primera sesi\u00f3n de hipnosis.<br \/>Luego, las sesiones de hipnosis se llevan a cabo cada 3 a 4 semanas, con el fin de dar tiempo a que las sugestiones sean integradas por la parte inconsciente de la mente.<\/p>\n<p>[\/et_pb_text][\/et_pb_column][et_pb_column type=\u00bb1_3&#8243; _builder_version=\u00bb4.27.0&#8243; _module_preset=\u00bbdefault\u00bb global_colors_info=\u00bb{}\u00bb][et_pb_text _builder_version=\u00bb4.27.0&#8243; _module_preset=\u00bbdefault\u00bb text_font=\u00bbMontserrat|300|||||||\u00bb text_text_color=\u00bb#000000&#8243; text_font_size=\u00bb16px\u00bb header_2_font=\u00bbNoto Serif||||||||\u00bb header_2_text_color=\u00bb#000000&#8243; header_2_font_size=\u00bb30px\u00bb header_2_line_height=\u00bb1.4em\u00bb background_color=\u00bbRGBA(255,255,255,0)\u00bb custom_margin=\u00bb||||true|false\u00bb custom_padding=\u00bb20px|20px|20px|20px|true|true\u00bb animation_style=\u00bbfade\u00bb sticky_position=\u00bbtop\u00bb sticky_limit_bottom=\u00bbsection\u00bb hover_enabled=\u00bb0&#8243; header_2_font_size_tablet=\u00bb32px\u00bb header_2_font_size_phone=\u00bb20px\u00bb header_2_font_size_last_edited=\u00bbon|desktop\u00bb border_radii=\u00bbon|25px|25px|25px|25px\u00bb border_width_all=\u00bb2px\u00bb border_color_all=\u00bb#61B594&#8243; border_style_all=\u00bbdashed\u00bb locked=\u00bboff\u00bb global_colors_info=\u00bb{}\u00bb sticky_enabled=\u00bb0&#8243;]<\/p>\n<p><strong>Tarifas<\/strong><\/p>\n<p>Sesi\u00f3n individual :<br \/>Adultos : <strong><span style=\"color: #61b594;\">CHF 140<\/span><\/strong><br \/>Ni\u00f1os &lt; 12 a\u00f1os : <strong><span style=\"color: #61b594;\">CHF 120<\/span><\/strong><br \/>Ni\u00f1os &gt; 12 a\u00f1os : <strong><span style=\"color: #61b594;\">CHF 130<\/span><\/strong><\/p>\n<p>Paquete :<br \/>Adultos (8 sesiones) : <strong><span style=\"color: #61b594;\">CHF 1040<\/span><\/strong><br \/>Ni\u00f1os &lt; 12 a\u00f1os (6 sesiones) : <strong><span style=\"color: #61b594;\">CHF 660<\/span><\/strong><br \/>Ni\u00f1os &gt; 12 a\u00f1os (6 sesiones) : <strong><span style=\"color: #61b594;\">CHF 720<\/span><\/strong><\/p>\n<p><strong>\u00bfLas sesiones son reembolsadas por un seguro complementario?<\/strong><\/p>\n<p>Cada compa\u00f1\u00eda de seguros complementarios tiene la libertad de decidir si cubre o no las sesiones de hipnosis, as\u00ed como las condiciones de cobertura. As\u00ed, algunos de ellos solo cubren sesiones individuales, pero no paquetes, otros solo aceptan pagar por sesiones realizadas por un terapeuta aprobado por ASCA, otros no entran en materia. Por lo tanto, es aconsejable ponerse en contacto con su seguro complementario.<\/p>\n<p>[\/et_pb_text][\/et_pb_column][\/et_pb_row][\/et_pb_section]<\/p>\n","protected":false},"excerpt":{"rendered":"<p>Hipnosis terap\u00e9utica\u00bfQu\u00e9 es la hipnosis? La hipnosis es un estado modificado de conciencia en el cual la parte consciente de nuestra mente se relaja, permitiendo as\u00ed el acceso a la parte inconsciente de nuestra mente, responsable de los problemas o bloqueos experimentados en la vida. Una vez que este estado se logra a trav\u00e9s de [&hellip;]<\/p>\n","protected":false},"author":1,"featured_media":0,"parent":0,"menu_order":0,"comment_status":"closed","ping_status":"closed","template":"","meta":{"_et_pb_use_builder":"on","_et_pb_old_content":"<!-- wp:divi\/placeholder \/-->","_et_gb_content_width":"","footnotes":""},"class_list":["post-29969","page","type-page","status-publish","hentry"],"_links":{"self":[{"href":"https:\/\/naila-therapies.ch\/es\/wp-json\/wp\/v2\/pages\/29969","targetHints":{"allow":["GET"]}}],"collection":[{"href":"https:\/\/naila-therapies.ch\/es\/wp-json\/wp\/v2\/pages"}],"about":[{"href":"https:\/\/naila-therapies.ch\/es\/wp-json\/wp\/v2\/types\/page"}],"author":[{"embeddable":true,"href":"https:\/\/naila-therapies.ch\/es\/wp-json\/wp\/v2\/users\/1"}],"replies":[{"embeddable":true,"href":"https:\/\/naila-therapies.ch\/es\/wp-json\/wp\/v2\/comments?post=29969"}],"version-history":[{"count":26,"href":"https:\/\/naila-therapies.ch\/es\/wp-json\/wp\/v2\/pages\/29969\/revisions"}],"predecessor-version":[{"id":30682,"href":"https:\/\/naila-therapies.ch\/es\/wp-json\/wp\/v2\/pages\/29969\/revisions\/30682"}],"wp:attachment":[{"href":"https:\/\/naila-therapies.ch\/es\/wp-json\/wp\/v2\/media?parent=29969"}],"curies":[{"name":"wp","href":"https:\/\/api.w.org\/{rel}","templated":true}]}}